{"id":2242,"date":"2018-04-20T15:28:43","date_gmt":"2018-04-20T13:28:43","guid":{"rendered":"http:\/\/www.gymnic.com\/site\/?page_id=2242"},"modified":"2026-05-15T13:57:51","modified_gmt":"2026-05-15T11:57:51","slug":"konformitaet","status":"publish","type":"page","link":"https:\/\/www.gymnic.com\/de\/konformitaet\/","title":{"rendered":"Konformit\u00e4t"},"content":{"rendered":"\n<div class=\"wp-block-columns is-layout-flex wp-container-core-columns-is-layout-9d6595d7 wp-block-columns-is-layout-flex\">\n<div class=\"wp-block-column is-layout-flow wp-block-column-is-layout-flow\" style=\"flex-basis:25%\">\n<h1 class=\"wp-block-heading\">Konformit\u00e4t<\/h1>\n<\/div>\n\n\n\n<div class=\"wp-block-column is-layout-flow wp-block-column-is-layout-flow\" style=\"flex-basis:75%\">\n<h2 class=\"wp-block-heading\">Qualit\u00e4tsstandards<\/h2>\n\n\n\n<div class=\"wp-block-columns is-layout-flex wp-container-core-columns-is-layout-9d6595d7 wp-block-columns-is-layout-flex\">\n<div class=\"wp-block-column is-layout-flow wp-block-column-is-layout-flow\" style=\"flex-basis:33.33%\">\n<figure class=\"wp-block-image alignfull size-full\"><img decoding=\"async\" src=\"https:\/\/www.gymnic.com\/new\/wp-content\/uploads\/2024\/07\/Compliance-Logos_1.svg\" alt=\"\" class=\"wp-image-36561\"\/><\/figure>\n<\/div>\n\n\n\n<div class=\"wp-block-column is-layout-flow wp-block-column-is-layout-flow\" style=\"flex-basis:66.66%\">\n<p>Um die Firmenziele zu erf\u00fcllen bzw. die hochqualitativen Standards zu halten, produziert Ledraplastic in Italien. Unser Unternehmen arbeitet nach ethischen Grunds\u00e4tzen, und lehnt beispielsweise Kinderarbeit strikt ab.<\/p>\n<\/div>\n<\/div>\n\n\n\n<div class=\"wp-block-columns is-layout-flex wp-container-core-columns-is-layout-9d6595d7 wp-block-columns-is-layout-flex\">\n<div class=\"wp-block-column is-layout-flow wp-block-column-is-layout-flow\" style=\"flex-basis:33.33%\">\n<figure class=\"wp-block-image alignfull size-full\"><img decoding=\"async\" src=\"https:\/\/www.gymnic.com\/new\/wp-content\/uploads\/2024\/07\/Compliance-Logos_2.svg\" alt=\"\" class=\"wp-image-36566\"\/><\/figure>\n<\/div>\n\n\n\n<div class=\"wp-block-column is-layout-flow wp-block-column-is-layout-flow\" style=\"flex-basis:66.66%\">\n<p>Das Material ist qualitativ hochwertiges PVC (Vinyl), das den aktuellen Richtlinien in Bezug auf Chemikalien (REACH \u2013 EC 1907\/2006) entspricht. Damit eine immer h\u00f6here Sicherheit angeboten werden kann, ist das gesamte Gymnic Sortiment frei von gef\u00e4hrlichen Chemikalien wie Latex, Phthalaten, Blei und BPA.<\/p>\n<\/div>\n<\/div>\n<\/div>\n<\/div>\n\n\n\n<div style=\"height:40px\" aria-hidden=\"true\" class=\"wp-block-spacer\"><\/div>\n\n\n\n<div class=\"wp-block-columns is-layout-flex wp-container-core-columns-is-layout-9d6595d7 wp-block-columns-is-layout-flex\">\n<div class=\"wp-block-column is-layout-flow wp-block-column-is-layout-flow\" style=\"flex-basis:25%\"><\/div>\n\n\n\n<div class=\"wp-block-column is-layout-flow wp-block-column-is-layout-flow\" style=\"flex-basis:75%\">\n<h2 class=\"wp-block-heading\">Nachhaltigkeit<\/h2>\n\n\n\n<div class=\"wp-block-columns is-layout-flex wp-container-core-columns-is-layout-9d6595d7 wp-block-columns-is-layout-flex\">\n<div class=\"wp-block-column is-layout-flow wp-block-column-is-layout-flow\" style=\"flex-basis:33.33%\">\n<figure class=\"wp-block-image alignfull size-full\"><img decoding=\"async\" src=\"https:\/\/www.gymnic.com\/new\/wp-content\/uploads\/2024\/07\/Compliance-Logos_3.svg\" alt=\"\" class=\"wp-image-36571\"\/><\/figure>\n<\/div>\n\n\n\n<div class=\"wp-block-column is-layout-flow wp-block-column-is-layout-flow\" style=\"flex-basis:66.66%\">\n<p>Umweltschutz ist uns ein gro\u00dfes Anliegen: Der Produktionsprozess st\u00f6\u00dft keine gesundheitssch\u00e4dlichen Emissionen aus, au\u00dferdem produzieren wir selbst bis zu 25% der ben\u00f6tigten Energie aus erneuerbaren Quellen. In Bezug auf die verwendeten Rohstoffe ist der Gro\u00dfteil unserer Produkte zu 100% wiederverwertbar (Kategorie PVC 3), und das gesamte Abfallprodukt wird zur Wiederverwertung geschickt.<\/p>\n<\/div>\n<\/div>\n<\/div>\n<\/div>\n\n\n\n<div style=\"height:40px\" aria-hidden=\"true\" class=\"wp-block-spacer\"><\/div>\n\n\n\n<div class=\"wp-block-columns is-layout-flex wp-container-core-columns-is-layout-9d6595d7 wp-block-columns-is-layout-flex\">\n<div class=\"wp-block-column is-layout-flow wp-block-column-is-layout-flow\" style=\"flex-basis:25%\"><\/div>\n\n\n\n<div class=\"wp-block-column is-layout-flow wp-block-column-is-layout-flow\" style=\"flex-basis:75%\">\n<h2 class=\"wp-block-heading\">Medizinprodukte<\/h2>\n\n\n\n<div class=\"wp-block-columns is-layout-flex wp-container-core-columns-is-layout-9d6595d7 wp-block-columns-is-layout-flex\">\n<div class=\"wp-block-column is-layout-flow wp-block-column-is-layout-flow\" style=\"flex-basis:33.33%\">\n<figure class=\"wp-block-image alignfull size-full\"><img decoding=\"async\" src=\"https:\/\/www.gymnic.com\/new\/wp-content\/uploads\/2024\/07\/Compliance-Logos_4.svg\" alt=\"\" class=\"wp-image-36576\"\/><\/figure>\n<\/div>\n\n\n\n<div class=\"wp-block-column is-layout-flow wp-block-column-is-layout-flow\" style=\"flex-basis:66.66%\">\n<p>Das Unternehmen, das auch auf den Physiotherapie- und Rehabilitationsmarkt ausgerichtet ist, bietet eine Produktpalette an, die den Anforderungen der Verordnung (EU)\u00a02017\/745\u00a0 \u00fcber Medizinprodukte der Klasse I entspricht. Diese Produkte tragen die CE-Kennzeichnung.<\/p>\n<\/div>\n<\/div>\n<\/div>\n<\/div>\n\n\n\n<div style=\"height:40px\" aria-hidden=\"true\" class=\"wp-block-spacer\"><\/div>\n\n\n\n<div class=\"wp-block-columns is-layout-flex wp-container-core-columns-is-layout-9d6595d7 wp-block-columns-is-layout-flex\">\n<div class=\"wp-block-column is-layout-flow wp-block-column-is-layout-flow\" style=\"flex-basis:25%\"><\/div>\n\n\n\n<div class=\"wp-block-column is-layout-flow wp-block-column-is-layout-flow\" style=\"flex-basis:75%\">\n<h2 class=\"wp-block-heading\">Spielwaren<\/h2>\n\n\n\n<div class=\"wp-block-columns is-layout-flex wp-container-core-columns-is-layout-9d6595d7 wp-block-columns-is-layout-flex\">\n<div class=\"wp-block-column is-layout-flow wp-block-column-is-layout-flow\" style=\"flex-basis:33.33%\">\n<figure class=\"wp-block-image alignfull size-full\"><img decoding=\"async\" src=\"https:\/\/www.gymnic.com\/new\/wp-content\/uploads\/2024\/07\/Compliance-Logos_5.svg\" alt=\"\" class=\"wp-image-36581\"\/><\/figure>\n<\/div>\n\n\n\n<div class=\"wp-block-column is-layout-flow wp-block-column-is-layout-flow\" style=\"flex-basis:66.66%\">\n<p>Die Produkte der Kategorie \u201eSpielwaren\u201c tragen sowohl die CE als auch die UKCA Kennzeichnung. Diese entsprechen den europ\u00e4ischen (Richtlinie 2009\/48\/EC Toy Safety EN-71), den englischen (Toys Safety Regulations 2011) und den amerikanischen Richtlinien f\u00fcr Spielzeugsicherheit (ASTM). Das empfohlene Alter wird auf der Verpackung bzw. in der beiliegenden Brosch\u00fcre angegeben.<\/p>\n<\/div>\n<\/div>\n<\/div>\n<\/div>\n\n\n\n<div style=\"height:40px\" aria-hidden=\"true\" class=\"wp-block-spacer\"><\/div>\n\n\n\n<div class=\"wp-block-columns is-layout-flex wp-container-core-columns-is-layout-9d6595d7 wp-block-columns-is-layout-flex\">\n<div class=\"wp-block-column is-layout-flow wp-block-column-is-layout-flow\" style=\"flex-basis:25%\"><\/div>\n\n\n\n<div class=\"wp-block-column is-layout-flow wp-block-column-is-layout-flow\" style=\"flex-basis:75%\">\n<h2 class=\"wp-block-heading\">R\u00fcckverfolgbarkeit<\/h2>\n\n\n\n<div class=\"wp-block-columns is-layout-flex wp-container-core-columns-is-layout-9d6595d7 wp-block-columns-is-layout-flex\">\n<div class=\"wp-block-column is-layout-flow wp-block-column-is-layout-flow\" style=\"flex-basis:33.33%\">\n<figure class=\"wp-block-image alignfull size-full\"><img decoding=\"async\" src=\"https:\/\/www.gymnic.com\/new\/wp-content\/uploads\/2024\/07\/Compliance-Logos_6.svg\" alt=\"\" class=\"wp-image-36586\"\/><\/figure>\n<\/div>\n\n\n\n<div class=\"wp-block-column is-layout-flow wp-block-column-is-layout-flow\" style=\"flex-basis:66.66%\">\n<p>Entsprechend der europ\u00e4isischen Richtlinien \u00fcber die Spielzeuge und die Medizinprodukte, sind die Gymnic Produkte mit einer vierstelligen Chargennummer gekennzeichnet. Diese Identifikationsnummer ist auf dem Produkt (oder auf den beigelegten Anleitungen) und auf dem Lieferkarton ermittelbar. Bei Beschwerden diese Nummer unbedingt anmelden, damit die Herstellungscharge identifiziert werden kann.<\/p>\n<\/div>\n<\/div>\n<\/div>\n<\/div>\n\n\n\n<div style=\"height:100px\" aria-hidden=\"true\" class=\"wp-block-spacer\"><\/div>\n\n\n\n<div class=\"wp-block-columns is-layout-flex wp-container-core-columns-is-layout-9d6595d7 wp-block-columns-is-layout-flex\">\n<div class=\"wp-block-column is-layout-flow wp-block-column-is-layout-flow\" style=\"flex-basis:25%\"><\/div>\n\n\n\n<div class=\"wp-block-column is-layout-flow wp-block-column-is-layout-flow\" style=\"flex-basis:75%\">\n<hr class=\"wp-block-separator has-alpha-channel-opacity\"\/>\n\n\n\n<p>F\u00fcr die Gymnic Produkte betr\u00e4gt die Garantiedauer 1 JAHR ab Kaufbelegsdatum. Garantie deckt ausschlie\u00dflich Produktionsdefekte. Der Hersteller haftet nicht f\u00fcr Besch\u00e4digungen, die durch unkorrekte Verwendung verursacht sind. Voraussetzung f\u00fcr eine Gew\u00e4hrleistung ist die Zusendung des reklamierten Produktes an den Hersteller zur Pr\u00fcfung.<\/p>\n<\/div>\n<\/div>\n\n\n\n<div style=\"height:40px\" aria-hidden=\"true\" class=\"wp-block-spacer\"><\/div>\n","protected":false},"excerpt":{"rendered":"<p>Konformit\u00e4t Qualit\u00e4tsstandards Um die Firmenziele zu erf\u00fcllen bzw. die hochqualitativen Standards zu halten, produziert Ledraplastic in Italien. Unser Unternehmen arbeitet nach ethischen Grunds\u00e4tzen, und lehnt&#8230;<\/p>\n","protected":false},"author":2,"featured_media":0,"parent":0,"menu_order":0,"comment_status":"closed","ping_status":"closed","template":"","meta":{"_acf_changed":false,"footnotes":""},"class_list":["post-2242","page","type-page","status-publish","hentry"],"acf":[],"_links":{"self":[{"href":"https:\/\/www.gymnic.com\/de\/wp-json\/wp\/v2\/pages\/2242","targetHints":{"allow":["GET"]}}],"collection":[{"href":"https:\/\/www.gymnic.com\/de\/wp-json\/wp\/v2\/pages"}],"about":[{"href":"https:\/\/www.gymnic.com\/de\/wp-json\/wp\/v2\/types\/page"}],"author":[{"embeddable":true,"href":"https:\/\/www.gymnic.com\/de\/wp-json\/wp\/v2\/users\/2"}],"replies":[{"embeddable":true,"href":"https:\/\/www.gymnic.com\/de\/wp-json\/wp\/v2\/comments?post=2242"}],"version-history":[{"count":22,"href":"https:\/\/www.gymnic.com\/de\/wp-json\/wp\/v2\/pages\/2242\/revisions"}],"predecessor-version":[{"id":39029,"href":"https:\/\/www.gymnic.com\/de\/wp-json\/wp\/v2\/pages\/2242\/revisions\/39029"}],"wp:attachment":[{"href":"https:\/\/www.gymnic.com\/de\/wp-json\/wp\/v2\/media?parent=2242"}],"curies":[{"name":"wp","href":"https:\/\/api.w.org\/{rel}","templated":true}]}}