{"id":17647,"date":"2023-05-02T19:08:35","date_gmt":"2023-05-02T17:08:35","guid":{"rendered":"https:\/\/gymnic.com\/new\/prodotto\/activ-roll\/"},"modified":"2023-05-03T15:59:58","modified_gmt":"2023-05-03T13:59:58","slug":"activ-roll","status":"publish","type":"product","link":"https:\/\/www.gymnic.com\/de\/produkt\/activ-roll\/","title":{"rendered":"Activ Roll"},"content":{"rendered":"<p>Die kleine Noppenrolle eignet sich ideal f\u00fcr eine angenehme Massage. Activ Roll f\u00f6rdert die Durchblutung des ganzen K\u00f6rpers. Durch die besondere Form ist die Rolle f\u00fcr Massagen der Hand- und Fu\u00dffl\u00e4chen und f\u00fcr den R\u00fccken empfohlen. Durch die Noppen werden die Reflexzonen aktiviert und die Haut gestrafft. Die H\u00e4rte des Produktes kann mittels einer Nadelpumpe je nach Wunsch reguliert werden.<\/p>\n","protected":false},"excerpt":{"rendered":"<p>Die kleine Noppenrolle eignet sich ideal f\u00fcr eine angenehme Massage. Activ Roll f\u00f6rdert die Durchblutung des ganzen K\u00f6rpers. Durch die besondere Form ist die Rolle&#8230;<\/p>\n","protected":false},"featured_media":30971,"template":"","meta":{"_acf_changed":false},"product_brand":[],"product_cat":[200],"product_tag":[],"class_list":{"0":"post-17647","1":"product","2":"type-product","3":"status-publish","4":"has-post-thumbnail","6":"product_cat-wellfit","8":"first","9":"instock","10":"taxable","11":"shipping-taxable","12":"purchasable","13":"product-type-simple"},"acf":[],"_links":{"self":[{"href":"https:\/\/www.gymnic.com\/de\/wp-json\/wp\/v2\/product\/17647","targetHints":{"allow":["GET"]}}],"collection":[{"href":"https:\/\/www.gymnic.com\/de\/wp-json\/wp\/v2\/product"}],"about":[{"href":"https:\/\/www.gymnic.com\/de\/wp-json\/wp\/v2\/types\/product"}],"wp:featuredmedia":[{"embeddable":true,"href":"https:\/\/www.gymnic.com\/de\/wp-json\/wp\/v2\/media\/30971"}],"wp:attachment":[{"href":"https:\/\/www.gymnic.com\/de\/wp-json\/wp\/v2\/media?parent=17647"}],"wp:term":[{"taxonomy":"product_brand","embeddable":true,"href":"https:\/\/www.gymnic.com\/de\/wp-json\/wp\/v2\/product_brand?post=17647"},{"taxonomy":"product_cat","embeddable":true,"href":"https:\/\/www.gymnic.com\/de\/wp-json\/wp\/v2\/product_cat?post=17647"},{"taxonomy":"product_tag","embeddable":true,"href":"https:\/\/www.gymnic.com\/de\/wp-json\/wp\/v2\/product_tag?post=17647"}],"curies":[{"name":"wp","href":"https:\/\/api.w.org\/{rel}","templated":true}]}}