{"id":17712,"date":"2023-05-02T19:05:43","date_gmt":"2023-05-02T17:05:43","guid":{"rendered":"https:\/\/gymnic.com\/new\/prodotto\/core-balance\/"},"modified":"2023-05-03T16:00:03","modified_gmt":"2023-05-03T14:00:03","slug":"core-balance","status":"publish","type":"product","link":"https:\/\/www.gymnic.com\/de\/produkt\/core-balance\/","title":{"rendered":"Core Balance"},"content":{"rendered":"<p>Core Balance ist ein vielseitiges Ger\u00e4t, das sein Einsatz in verschiedenen Bereichen findet: von Fitness zur postoperativen Rehabilitation f\u00fcr Knie und Fu\u00dfgelenke. Das Produkt besteht aus einer harten Schale und einem aufpumpbaren gr\u00fcnen Halbball. Anwender k\u00f6nnen den Schwierigkeitsgrad ihres Trainings selbst bestimmen. Unser Core Balance erm\u00f6glicht unterschiedliche \u00dcbungen f\u00fcr Balance-, Koordinations- Kr\u00e4ftigungs- und Stabilisierungstraining.<\/p>\n","protected":false},"excerpt":{"rendered":"<p>Core Balance ist ein vielseitiges Ger\u00e4t, das sein Einsatz in verschiedenen Bereichen findet: von Fitness zur postoperativen Rehabilitation f\u00fcr Knie und Fu\u00dfgelenke. Das Produkt besteht&#8230;<\/p>\n","protected":false},"featured_media":27246,"template":"","meta":{"_acf_changed":false},"product_brand":[],"product_cat":[180,185],"product_tag":[],"class_list":{"0":"post-17712","1":"product","2":"type-product","3":"status-publish","4":"has-post-thumbnail","6":"product_cat-physiotherapie","7":"product_cat-fitness","9":"first","10":"instock","11":"taxable","12":"shipping-taxable","13":"purchasable","14":"product-type-simple"},"acf":[],"_links":{"self":[{"href":"https:\/\/www.gymnic.com\/de\/wp-json\/wp\/v2\/product\/17712","targetHints":{"allow":["GET"]}}],"collection":[{"href":"https:\/\/www.gymnic.com\/de\/wp-json\/wp\/v2\/product"}],"about":[{"href":"https:\/\/www.gymnic.com\/de\/wp-json\/wp\/v2\/types\/product"}],"wp:featuredmedia":[{"embeddable":true,"href":"https:\/\/www.gymnic.com\/de\/wp-json\/wp\/v2\/media\/27246"}],"wp:attachment":[{"href":"https:\/\/www.gymnic.com\/de\/wp-json\/wp\/v2\/media?parent=17712"}],"wp:term":[{"taxonomy":"product_brand","embeddable":true,"href":"https:\/\/www.gymnic.com\/de\/wp-json\/wp\/v2\/product_brand?post=17712"},{"taxonomy":"product_cat","embeddable":true,"href":"https:\/\/www.gymnic.com\/de\/wp-json\/wp\/v2\/product_cat?post=17712"},{"taxonomy":"product_tag","embeddable":true,"href":"https:\/\/www.gymnic.com\/de\/wp-json\/wp\/v2\/product_tag?post=17712"}],"curies":[{"name":"wp","href":"https:\/\/api.w.org\/{rel}","templated":true}]}}