{"id":17722,"date":"2023-05-02T19:05:43","date_gmt":"2023-05-02T17:05:43","guid":{"rendered":"https:\/\/gymnic.com\/new\/prodotto\/disco-sport\/"},"modified":"2023-05-03T15:59:39","modified_gmt":"2023-05-03T13:59:39","slug":"disco-sport","status":"publish","type":"product","link":"https:\/\/www.gymnic.com\/de\/produkt\/disco-sport\/","title":{"rendered":"Disco Sport"},"content":{"rendered":"<p>Disco Sport ist die gr\u00f6\u00dfere Variante unseres beliebten Disc&#8217;o&#8217;Sit Kissens. Die Noppenseite sorgt f\u00fcr eine angenehme Massage. Ideal f\u00fcr Gleichgewichts\u00fcbungen, motorische \u00dcbungen und funktionelles Training. Sie k\u00f6nnen diesen Artikel mit unserem Ball Support \u201cM\u201d kombinieren, somit verf\u00fcgen Sie \u00fcber ein stabileres Ger\u00e4t f\u00fcr noch weitere Anwendungsm\u00f6glichkeiten (die Supportschale ist separat erh\u00e4ltlich oder mit dem Produkt zusammen &#8211; siehe Artikel Disco Dome).<\/p>\n","protected":false},"excerpt":{"rendered":"<p>Disco Sport ist die gr\u00f6\u00dfere Variante unseres beliebten Disc&#8217;o&#8217;Sit Kissens. Die Noppenseite sorgt f\u00fcr eine angenehme Massage. Ideal f\u00fcr Gleichgewichts\u00fcbungen, motorische \u00dcbungen und funktionelles Training&#8230;.<\/p>\n","protected":false},"featured_media":27119,"template":"","meta":{"_acf_changed":false},"product_brand":[],"product_cat":[180,185],"product_tag":[],"class_list":{"0":"post-17722","1":"product","2":"type-product","3":"status-publish","4":"has-post-thumbnail","6":"product_cat-physiotherapie","7":"product_cat-fitness","9":"first","10":"instock","11":"taxable","12":"shipping-taxable","13":"purchasable","14":"product-type-simple"},"acf":[],"_links":{"self":[{"href":"https:\/\/www.gymnic.com\/de\/wp-json\/wp\/v2\/product\/17722","targetHints":{"allow":["GET"]}}],"collection":[{"href":"https:\/\/www.gymnic.com\/de\/wp-json\/wp\/v2\/product"}],"about":[{"href":"https:\/\/www.gymnic.com\/de\/wp-json\/wp\/v2\/types\/product"}],"wp:featuredmedia":[{"embeddable":true,"href":"https:\/\/www.gymnic.com\/de\/wp-json\/wp\/v2\/media\/27119"}],"wp:attachment":[{"href":"https:\/\/www.gymnic.com\/de\/wp-json\/wp\/v2\/media?parent=17722"}],"wp:term":[{"taxonomy":"product_brand","embeddable":true,"href":"https:\/\/www.gymnic.com\/de\/wp-json\/wp\/v2\/product_brand?post=17722"},{"taxonomy":"product_cat","embeddable":true,"href":"https:\/\/www.gymnic.com\/de\/wp-json\/wp\/v2\/product_cat?post=17722"},{"taxonomy":"product_tag","embeddable":true,"href":"https:\/\/www.gymnic.com\/de\/wp-json\/wp\/v2\/product_tag?post=17722"}],"curies":[{"name":"wp","href":"https:\/\/api.w.org\/{rel}","templated":true}]}}