{"id":17742,"date":"2023-05-02T19:07:53","date_gmt":"2023-05-02T17:07:53","guid":{"rendered":"https:\/\/gymnic.com\/new\/prodotto\/discosit-jr\/"},"modified":"2023-05-18T17:43:26","modified_gmt":"2023-05-18T15:43:26","slug":"discosit-jr","status":"publish","type":"product","link":"https:\/\/www.gymnic.com\/de\/produkt\/discosit-jr\/","title":{"rendered":"Disc\u2019o\u2019Sit Jr."},"content":{"rendered":"<p>Die junior Version des runden Sitzkissens Disc\u2019o\u2019Sit ist speziell f\u00fcr Kinder gedacht. Perfekt passend f\u00fcr Kinderst\u00fchle in Kinderg\u00e4rten und Grundschulen, ideal als dynamisches Sitzger\u00e4t, sorgt es f\u00fcr eine korrekte K\u00f6rperhaltung w\u00e4hrend des Sitzens. Disc\u2019o\u2019Sit Jr. Kann auch auf dem Boden als Trainingsger\u00e4t f\u00fcr Gleichgewicht und Motorik \u00dcbungen eingesetzt werden. Die gew\u00fcnschte Stabilit\u00e4t des Produktes wird durch die Luftf\u00fcllung reguliert.<\/p>\n","protected":false},"excerpt":{"rendered":"<p>Die junior Version des runden Sitzkissens Disc\u2019o\u2019Sit ist speziell f\u00fcr Kinder gedacht. Perfekt passend f\u00fcr Kinderst\u00fchle in Kinderg\u00e4rten und Grundschulen, ideal als dynamisches Sitzger\u00e4t, sorgt&#8230;<\/p>\n","protected":false},"featured_media":30396,"template":"","meta":{"_acf_changed":false},"product_brand":[],"product_cat":[200],"product_tag":[],"class_list":{"0":"post-17742","1":"product","2":"type-product","3":"status-publish","4":"has-post-thumbnail","6":"product_cat-wellfit","8":"first","9":"instock","10":"taxable","11":"shipping-taxable","12":"purchasable","13":"product-type-simple"},"acf":[],"_links":{"self":[{"href":"https:\/\/www.gymnic.com\/de\/wp-json\/wp\/v2\/product\/17742","targetHints":{"allow":["GET"]}}],"collection":[{"href":"https:\/\/www.gymnic.com\/de\/wp-json\/wp\/v2\/product"}],"about":[{"href":"https:\/\/www.gymnic.com\/de\/wp-json\/wp\/v2\/types\/product"}],"wp:featuredmedia":[{"embeddable":true,"href":"https:\/\/www.gymnic.com\/de\/wp-json\/wp\/v2\/media\/30396"}],"wp:attachment":[{"href":"https:\/\/www.gymnic.com\/de\/wp-json\/wp\/v2\/media?parent=17742"}],"wp:term":[{"taxonomy":"product_brand","embeddable":true,"href":"https:\/\/www.gymnic.com\/de\/wp-json\/wp\/v2\/product_brand?post=17742"},{"taxonomy":"product_cat","embeddable":true,"href":"https:\/\/www.gymnic.com\/de\/wp-json\/wp\/v2\/product_cat?post=17742"},{"taxonomy":"product_tag","embeddable":true,"href":"https:\/\/www.gymnic.com\/de\/wp-json\/wp\/v2\/product_tag?post=17742"}],"curies":[{"name":"wp","href":"https:\/\/api.w.org\/{rel}","templated":true}]}}