{"id":17757,"date":"2023-05-02T19:08:36","date_gmt":"2023-05-02T17:08:36","guid":{"rendered":"https:\/\/gymnic.com\/new\/prodotto\/electric-inflator-eu\/"},"modified":"2025-08-06T12:08:35","modified_gmt":"2025-08-06T10:08:35","slug":"electric-inflator-eu","status":"publish","type":"product","link":"https:\/\/www.gymnic.com\/de\/produkt\/electric-inflator-eu\/","title":{"rendered":"Electric Inflator EU"},"content":{"rendered":"<p>Kompressor mit kleinen Abmessungen. Ideal, um gro\u00dfe B\u00e4lle zu bef\u00fcllen\/entleeren. Variante mit europ\u00e4ischem Stecker.<\/p>\n<p>Inflationsanweisungen unter diesem <a href=\"https:\/\/www.gymnic.com\/de\/aufblasen\/\">Link<\/a><\/p>\n","protected":false},"excerpt":{"rendered":"<p>Kompressor mit kleinen Abmessungen. Ideal, um gro\u00dfe B\u00e4lle zu bef\u00fcllen\/entleeren. Variante mit europ\u00e4ischem Stecker. Inflationsanweisungen unter diesem Link<\/p>\n","protected":false},"featured_media":31279,"template":"","meta":{"_acf_changed":false},"product_brand":[],"product_cat":[195],"product_tag":[],"class_list":{"0":"post-17757","1":"product","2":"type-product","3":"status-publish","4":"has-post-thumbnail","6":"product_cat-zubehoer","8":"first","9":"instock","10":"taxable","11":"shipping-taxable","12":"purchasable","13":"product-type-simple"},"acf":[],"_links":{"self":[{"href":"https:\/\/www.gymnic.com\/de\/wp-json\/wp\/v2\/product\/17757","targetHints":{"allow":["GET"]}}],"collection":[{"href":"https:\/\/www.gymnic.com\/de\/wp-json\/wp\/v2\/product"}],"about":[{"href":"https:\/\/www.gymnic.com\/de\/wp-json\/wp\/v2\/types\/product"}],"wp:featuredmedia":[{"embeddable":true,"href":"https:\/\/www.gymnic.com\/de\/wp-json\/wp\/v2\/media\/31279"}],"wp:attachment":[{"href":"https:\/\/www.gymnic.com\/de\/wp-json\/wp\/v2\/media?parent=17757"}],"wp:term":[{"taxonomy":"product_brand","embeddable":true,"href":"https:\/\/www.gymnic.com\/de\/wp-json\/wp\/v2\/product_brand?post=17757"},{"taxonomy":"product_cat","embeddable":true,"href":"https:\/\/www.gymnic.com\/de\/wp-json\/wp\/v2\/product_cat?post=17757"},{"taxonomy":"product_tag","embeddable":true,"href":"https:\/\/www.gymnic.com\/de\/wp-json\/wp\/v2\/product_tag?post=17757"}],"curies":[{"name":"wp","href":"https:\/\/api.w.org\/{rel}","templated":true}]}}