{"id":17807,"date":"2023-05-02T19:06:05","date_gmt":"2023-05-02T17:06:05","guid":{"rendered":"https:\/\/gymnic.com\/new\/prodotto\/gymnic-arte\/"},"modified":"2023-05-03T15:59:35","modified_gmt":"2023-05-03T13:59:35","slug":"gymnic-arte","status":"publish","type":"product","link":"https:\/\/www.gymnic.com\/de\/produkt\/gymnic-arte\/","title":{"rendered":"Gymnic Arte"},"content":{"rendered":"<p>Der Gymnic Arte Ball ist eine farbliche Variante des bew\u00e4hrten Fit-Ball. Die Farbkombination jedes Balles ist einmalig und immer anders, so haben Sie ein einzigartiges Produkt! Dieser Artikel wird haupts\u00e4chlich f\u00fcr Physiotherapie und Fitness eingesetzt. Dank seinen bunten Farben ist er auch f\u00fcr Spielaktivit\u00e4ten geeignet.<\/p>\n","protected":false},"excerpt":{"rendered":"<p>Der Gymnic Arte Ball ist eine farbliche Variante des bew\u00e4hrten Fit-Ball. Die Farbkombination jedes Balles ist einmalig und immer anders, so haben Sie ein einzigartiges&#8230;<\/p>\n","protected":false},"featured_media":28343,"template":"","meta":{"_acf_changed":false},"product_brand":[],"product_cat":[190,185],"product_tag":[],"class_list":{"0":"post-17807","1":"product","2":"type-product","3":"status-publish","4":"has-post-thumbnail","6":"product_cat-spielwaren","7":"product_cat-fitness","9":"first","10":"instock","11":"taxable","12":"shipping-taxable","13":"purchasable","14":"product-type-variable"},"acf":[],"_links":{"self":[{"href":"https:\/\/www.gymnic.com\/de\/wp-json\/wp\/v2\/product\/17807","targetHints":{"allow":["GET"]}}],"collection":[{"href":"https:\/\/www.gymnic.com\/de\/wp-json\/wp\/v2\/product"}],"about":[{"href":"https:\/\/www.gymnic.com\/de\/wp-json\/wp\/v2\/types\/product"}],"wp:featuredmedia":[{"embeddable":true,"href":"https:\/\/www.gymnic.com\/de\/wp-json\/wp\/v2\/media\/28343"}],"wp:attachment":[{"href":"https:\/\/www.gymnic.com\/de\/wp-json\/wp\/v2\/media?parent=17807"}],"wp:term":[{"taxonomy":"product_brand","embeddable":true,"href":"https:\/\/www.gymnic.com\/de\/wp-json\/wp\/v2\/product_brand?post=17807"},{"taxonomy":"product_cat","embeddable":true,"href":"https:\/\/www.gymnic.com\/de\/wp-json\/wp\/v2\/product_cat?post=17807"},{"taxonomy":"product_tag","embeddable":true,"href":"https:\/\/www.gymnic.com\/de\/wp-json\/wp\/v2\/product_tag?post=17807"}],"curies":[{"name":"wp","href":"https:\/\/api.w.org\/{rel}","templated":true}]}}