{"id":17812,"date":"2019-05-10T13:11:06","date_gmt":"2019-05-10T11:11:06","guid":{"rendered":"https:\/\/gymnic.com\/new\/prodotto\/gymnic-classic\/"},"modified":"2023-10-26T15:35:57","modified_gmt":"2023-10-26T13:35:57","slug":"gymnic-classic","status":"publish","type":"product","link":"https:\/\/www.gymnic.com\/de\/produkt\/gymnic-classic\/","title":{"rendered":"Gymnic Classic"},"content":{"rendered":"<p>Als erstes Produkt der Gymnic Serie, wird dieser Ball hervorragend f\u00fcr viele \u00dcbungen zur Behandlung von orthop\u00e4dischen und neurologischen Erkrankungen wie zum Beispiel Muskeldystrophie eingesetzt. Dieser Artikel dient optimal zur Rehabilitation und Schmerztherapie im Bereich Gymnastik. Auch als \u201eSwiss Ball\u201c oder \u201eBobath Ball\u201c in Physiotherapie bekannt, kann der Gymnic Classic Ball auch in vielen weiteren Bereichen eingesetzt werden, wie zum Beispiel die Pilates Methode, das funktionelle Training oder generell bei sportlichen Aktivit\u00e4ten.<\/p>\n","protected":false},"excerpt":{"rendered":"<p>Als erstes Produkt der Gymnic Serie, wird dieser Ball hervorragend f\u00fcr viele \u00dcbungen zur Behandlung von orthop\u00e4dischen und neurologischen Erkrankungen wie zum Beispiel Muskeldystrophie eingesetzt&#8230;.<\/p>\n","protected":false},"featured_media":29885,"template":"","meta":{"_acf_changed":false},"product_brand":[],"product_cat":[180],"product_tag":[],"class_list":{"0":"post-17812","1":"product","2":"type-product","3":"status-publish","4":"has-post-thumbnail","6":"product_cat-physiotherapie","8":"first","9":"instock","10":"taxable","11":"shipping-taxable","12":"purchasable","13":"product-type-variable"},"acf":[],"_links":{"self":[{"href":"https:\/\/www.gymnic.com\/de\/wp-json\/wp\/v2\/product\/17812","targetHints":{"allow":["GET"]}}],"collection":[{"href":"https:\/\/www.gymnic.com\/de\/wp-json\/wp\/v2\/product"}],"about":[{"href":"https:\/\/www.gymnic.com\/de\/wp-json\/wp\/v2\/types\/product"}],"wp:featuredmedia":[{"embeddable":true,"href":"https:\/\/www.gymnic.com\/de\/wp-json\/wp\/v2\/media\/29885"}],"wp:attachment":[{"href":"https:\/\/www.gymnic.com\/de\/wp-json\/wp\/v2\/media?parent=17812"}],"wp:term":[{"taxonomy":"product_brand","embeddable":true,"href":"https:\/\/www.gymnic.com\/de\/wp-json\/wp\/v2\/product_brand?post=17812"},{"taxonomy":"product_cat","embeddable":true,"href":"https:\/\/www.gymnic.com\/de\/wp-json\/wp\/v2\/product_cat?post=17812"},{"taxonomy":"product_tag","embeddable":true,"href":"https:\/\/www.gymnic.com\/de\/wp-json\/wp\/v2\/product_tag?post=17812"}],"curies":[{"name":"wp","href":"https:\/\/api.w.org\/{rel}","templated":true}]}}