{"id":17837,"date":"2023-05-02T19:05:44","date_gmt":"2023-05-02T17:05:44","guid":{"rendered":"https:\/\/gymnic.com\/new\/prodotto\/heavymed\/"},"modified":"2024-11-28T09:01:14","modified_gmt":"2024-11-28T08:01:14","slug":"heavymed","status":"publish","type":"product","link":"https:\/\/www.gymnic.com\/de\/produkt\/heavymed\/","title":{"rendered":"Heavymed"},"content":{"rendered":"<p>Die Heavymed Gewichtsb\u00e4lle wurden von den klassischen Medizinb\u00e4llen entwickelt. Erh\u00e4ltlich in 6 verschiedenen Gr\u00f6\u00dfen (vom 0,5 bis 5 Kg), diese Produkte konzentrieren das Gewicht in einem kleinen Volumen. Sehr beliebt im Fitness und Rehabilitationsbereich, die Heavymed B\u00e4lle sind ausschlie\u00dflich mit Wasser bef\u00fcllt und haben eine griffige Oberfl\u00e4che. Das Material ist sehr elastisch und l\u00e4sst sich problemlos auf jeglicher Oberfl\u00e4che verwenden.<\/p>\n","protected":false},"excerpt":{"rendered":"<p>Die Heavymed Gewichtsb\u00e4lle wurden von den klassischen Medizinb\u00e4llen entwickelt. Erh\u00e4ltlich in 6 verschiedenen Gr\u00f6\u00dfen (vom 0,5 bis 5 Kg), diese Produkte konzentrieren das Gewicht in&#8230;<\/p>\n","protected":false},"featured_media":27325,"template":"","meta":{"_acf_changed":false},"product_brand":[],"product_cat":[180,185],"product_tag":[],"class_list":{"0":"post-17837","1":"product","2":"type-product","3":"status-publish","4":"has-post-thumbnail","6":"product_cat-physiotherapie","7":"product_cat-fitness","9":"first","10":"instock","11":"taxable","12":"shipping-taxable","13":"purchasable","14":"product-type-variable"},"acf":[],"_links":{"self":[{"href":"https:\/\/www.gymnic.com\/de\/wp-json\/wp\/v2\/product\/17837","targetHints":{"allow":["GET"]}}],"collection":[{"href":"https:\/\/www.gymnic.com\/de\/wp-json\/wp\/v2\/product"}],"about":[{"href":"https:\/\/www.gymnic.com\/de\/wp-json\/wp\/v2\/types\/product"}],"wp:featuredmedia":[{"embeddable":true,"href":"https:\/\/www.gymnic.com\/de\/wp-json\/wp\/v2\/media\/27325"}],"wp:attachment":[{"href":"https:\/\/www.gymnic.com\/de\/wp-json\/wp\/v2\/media?parent=17837"}],"wp:term":[{"taxonomy":"product_brand","embeddable":true,"href":"https:\/\/www.gymnic.com\/de\/wp-json\/wp\/v2\/product_brand?post=17837"},{"taxonomy":"product_cat","embeddable":true,"href":"https:\/\/www.gymnic.com\/de\/wp-json\/wp\/v2\/product_cat?post=17837"},{"taxonomy":"product_tag","embeddable":true,"href":"https:\/\/www.gymnic.com\/de\/wp-json\/wp\/v2\/product_tag?post=17837"}],"curies":[{"name":"wp","href":"https:\/\/api.w.org\/{rel}","templated":true}]}}