{"id":17887,"date":"2023-05-02T19:11:50","date_gmt":"2023-05-02T17:11:50","guid":{"rendered":"https:\/\/gymnic.com\/new\/prodotto\/movin-sit\/"},"modified":"2023-05-18T17:27:35","modified_gmt":"2023-05-18T15:27:35","slug":"movin-sit","status":"publish","type":"product","link":"https:\/\/www.gymnic.com\/de\/produkt\/movin-sit\/","title":{"rendered":"Movin\u2019 Sit"},"content":{"rendered":"<p>Das Movin\u2019sit ist ein dynamisches aufblasbares Sitzkissen zur St\u00e4rkung der Bauch- und R\u00fcckenmuskulatur f\u00fcr eine effektive Unterst\u00fctzung der Wirbels\u00e4ule. Durch die besondere Keilform wird das Becken optimal gekippt, damit eine aufrechte Sitzhaltung gew\u00e4hrleistet ist. Aus diesem Grund ist das Produkt im Bereich Physiotherapie sehr erfolgreich eingesetzt. Das aktive Sitzger\u00e4t bietet die gleiche wohltuende Wirkung wie ein Therapieball, da es mehr Beweglichkeit w\u00e4hrend des Sitzens erm\u00f6glicht. Die Stabilit\u00e4t des Produktes kann durch die Luftf\u00fcllung reguliert werden. Movin\u2019 Sit ist ein sehr n\u00fctzliches Zubeh\u00f6r f\u00fcr die Behandlung von R\u00fcckenschmerzen und Ischiasschmerzen.<\/p>\n","protected":false},"excerpt":{"rendered":"<p>Das Movin\u2019sit ist ein dynamisches aufblasbares Sitzkissen zur St\u00e4rkung der Bauch- und R\u00fcckenmuskulatur f\u00fcr eine effektive Unterst\u00fctzung der Wirbels\u00e4ule. Durch die besondere Keilform wird das&#8230;<\/p>\n","protected":false},"featured_media":30145,"template":"","meta":{"_acf_changed":false},"product_brand":[],"product_cat":[200],"product_tag":[],"class_list":{"0":"post-17887","1":"product","2":"type-product","3":"status-publish","4":"has-post-thumbnail","6":"product_cat-wellfit","8":"first","9":"instock","10":"taxable","11":"shipping-taxable","12":"purchasable","13":"product-type-simple"},"acf":[],"_links":{"self":[{"href":"https:\/\/www.gymnic.com\/de\/wp-json\/wp\/v2\/product\/17887","targetHints":{"allow":["GET"]}}],"collection":[{"href":"https:\/\/www.gymnic.com\/de\/wp-json\/wp\/v2\/product"}],"about":[{"href":"https:\/\/www.gymnic.com\/de\/wp-json\/wp\/v2\/types\/product"}],"wp:featuredmedia":[{"embeddable":true,"href":"https:\/\/www.gymnic.com\/de\/wp-json\/wp\/v2\/media\/30145"}],"wp:attachment":[{"href":"https:\/\/www.gymnic.com\/de\/wp-json\/wp\/v2\/media?parent=17887"}],"wp:term":[{"taxonomy":"product_brand","embeddable":true,"href":"https:\/\/www.gymnic.com\/de\/wp-json\/wp\/v2\/product_brand?post=17887"},{"taxonomy":"product_cat","embeddable":true,"href":"https:\/\/www.gymnic.com\/de\/wp-json\/wp\/v2\/product_cat?post=17887"},{"taxonomy":"product_tag","embeddable":true,"href":"https:\/\/www.gymnic.com\/de\/wp-json\/wp\/v2\/product_tag?post=17887"}],"curies":[{"name":"wp","href":"https:\/\/api.w.org\/{rel}","templated":true}]}}