{"id":17912,"date":"2023-05-02T19:06:48","date_gmt":"2023-05-02T17:06:48","guid":{"rendered":"https:\/\/gymnic.com\/new\/prodotto\/multiactiv-stones\/"},"modified":"2023-06-27T14:12:17","modified_gmt":"2023-06-27T12:12:17","slug":"multiactiv-stones","status":"publish","type":"product","link":"https:\/\/www.gymnic.com\/de\/produkt\/multiactiv-stones\/","title":{"rendered":"Multiactiv Stones"},"content":{"rendered":"<p>Die Multiactive Stones sind 6 Halbkugeln mit der noppigen Oberfl\u00e4che. Ideal zur F\u00f6rderung von Gleichgewicht und Propriozeption, das Produkt eignet sich f\u00fcr Parcoursspiele dank den sortierten Farben. Um eine h\u00f6here Stabilit\u00e4t zu erreichen, kann man die Halbkugeln durch den St\u00f6psel mit Wasser zus\u00e4tzlich beschweren. In die obere \u00d6ffnung passen allgemeine Rundst\u00e4be (Durchmesser 2,5 cm \u2013 1 in) f\u00fcr noch weitere Aktivit\u00e4ten. Um das Produkt unstabil zu machen einfach die Halbkugeln auf dem Kopf stellen!<\/p>\n","protected":false},"excerpt":{"rendered":"<p>Die Multiactive Stones sind 6 Halbkugeln mit der noppigen Oberfl\u00e4che. Ideal zur F\u00f6rderung von Gleichgewicht und Propriozeption, das Produkt eignet sich f\u00fcr Parcoursspiele dank den&#8230;<\/p>\n","protected":false},"featured_media":28818,"template":"","meta":{"_acf_changed":false},"product_brand":[],"product_cat":[190],"product_tag":[],"class_list":{"0":"post-17912","1":"product","2":"type-product","3":"status-publish","4":"has-post-thumbnail","6":"product_cat-spielwaren","8":"first","9":"instock","10":"taxable","11":"shipping-taxable","12":"purchasable","13":"product-type-simple"},"acf":[],"_links":{"self":[{"href":"https:\/\/www.gymnic.com\/de\/wp-json\/wp\/v2\/product\/17912","targetHints":{"allow":["GET"]}}],"collection":[{"href":"https:\/\/www.gymnic.com\/de\/wp-json\/wp\/v2\/product"}],"about":[{"href":"https:\/\/www.gymnic.com\/de\/wp-json\/wp\/v2\/types\/product"}],"wp:featuredmedia":[{"embeddable":true,"href":"https:\/\/www.gymnic.com\/de\/wp-json\/wp\/v2\/media\/28818"}],"wp:attachment":[{"href":"https:\/\/www.gymnic.com\/de\/wp-json\/wp\/v2\/media?parent=17912"}],"wp:term":[{"taxonomy":"product_brand","embeddable":true,"href":"https:\/\/www.gymnic.com\/de\/wp-json\/wp\/v2\/product_brand?post=17912"},{"taxonomy":"product_cat","embeddable":true,"href":"https:\/\/www.gymnic.com\/de\/wp-json\/wp\/v2\/product_cat?post=17912"},{"taxonomy":"product_tag","embeddable":true,"href":"https:\/\/www.gymnic.com\/de\/wp-json\/wp\/v2\/product_tag?post=17912"}],"curies":[{"name":"wp","href":"https:\/\/api.w.org\/{rel}","templated":true}]}}