{"id":17942,"date":"2023-05-02T19:06:26","date_gmt":"2023-05-02T17:06:26","guid":{"rendered":"https:\/\/gymnic.com\/new\/prodotto\/over-ball\/"},"modified":"2023-06-22T14:13:28","modified_gmt":"2023-06-22T12:13:28","slug":"over-ball","status":"publish","type":"product","link":"https:\/\/www.gymnic.com\/de\/produkt\/over-ball\/","title":{"rendered":"Over Ball"},"content":{"rendered":"<p>Dieser extraweiche und griffige Ball ist ideal zum Spielen, im Hause oder au\u00dfen. Sie k\u00f6nnen Ihren Overball leicht mit dem Mund aufblasen, nach dem Spiel einfach entl\u00fcften und \u00fcberall mitnehmen!<\/p>\n","protected":false},"excerpt":{"rendered":"<p>Dieser extraweiche und griffige Ball ist ideal zum Spielen, im Hause oder au\u00dfen. Sie k\u00f6nnen Ihren Overball leicht mit dem Mund aufblasen, nach dem Spiel&#8230;<\/p>\n","protected":false},"featured_media":28415,"template":"","meta":{"_acf_changed":false},"product_brand":[],"product_cat":[190],"product_tag":[],"class_list":{"0":"post-17942","1":"product","2":"type-product","3":"status-publish","4":"has-post-thumbnail","6":"product_cat-spielwaren","8":"first","9":"instock","10":"taxable","11":"shipping-taxable","12":"purchasable","13":"product-type-variable"},"acf":[],"_links":{"self":[{"href":"https:\/\/www.gymnic.com\/de\/wp-json\/wp\/v2\/product\/17942","targetHints":{"allow":["GET"]}}],"collection":[{"href":"https:\/\/www.gymnic.com\/de\/wp-json\/wp\/v2\/product"}],"about":[{"href":"https:\/\/www.gymnic.com\/de\/wp-json\/wp\/v2\/types\/product"}],"wp:featuredmedia":[{"embeddable":true,"href":"https:\/\/www.gymnic.com\/de\/wp-json\/wp\/v2\/media\/28415"}],"wp:attachment":[{"href":"https:\/\/www.gymnic.com\/de\/wp-json\/wp\/v2\/media?parent=17942"}],"wp:term":[{"taxonomy":"product_brand","embeddable":true,"href":"https:\/\/www.gymnic.com\/de\/wp-json\/wp\/v2\/product_brand?post=17942"},{"taxonomy":"product_cat","embeddable":true,"href":"https:\/\/www.gymnic.com\/de\/wp-json\/wp\/v2\/product_cat?post=17942"},{"taxonomy":"product_tag","embeddable":true,"href":"https:\/\/www.gymnic.com\/de\/wp-json\/wp\/v2\/product_tag?post=17942"}],"curies":[{"name":"wp","href":"https:\/\/api.w.org\/{rel}","templated":true}]}}