{"id":17967,"date":"2023-05-02T19:09:40","date_gmt":"2023-05-02T17:09:40","guid":{"rendered":"https:\/\/gymnic.com\/new\/prodotto\/physio-gymnic-plus\/"},"modified":"2023-05-03T16:00:03","modified_gmt":"2023-05-03T14:00:03","slug":"physio-gymnic-plus","status":"publish","type":"product","link":"https:\/\/www.gymnic.com\/de\/produkt\/physio-gymnic-plus\/","title":{"rendered":"Physio Gymnic Plus"},"content":{"rendered":"<p>Dieser Ball ist die extragro\u00dfe Variante des Gymnic Plus Balles und gleichzeitig die Weiterentwicklung des Physio Gymnic Balles. Neben der gleichen Elastizit\u00e4t und Leistung bietet die Plus Version dank des neuen Materials eine h\u00f6here Sicherheit und Schutz vorm Platzen (Burst Resistant Quality). Er ist aufgrund seiner beachtlichen Dimensionen optimal f\u00fcr Paar- oder Gruppenaktivit\u00e4t geeignet. Ideal f\u00fcr Physiotherapie und Gleichgewichtssinn \u00dcbungen. Die \u00dcbung soll mithilfe eines Leiters durchgef\u00fchrt werden, somit wird eine Vertrauensbeziehung zwischen Patient und Therapeut gef\u00f6rdert.<\/p>\n","protected":false},"excerpt":{"rendered":"<p>Dieser Ball ist die extragro\u00dfe Variante des Gymnic Plus Balles und gleichzeitig die Weiterentwicklung des Physio Gymnic Balles. Neben der gleichen Elastizit\u00e4t und Leistung bietet&#8230;<\/p>\n","protected":false},"featured_media":26067,"template":"","meta":{"_acf_changed":false},"product_brand":[],"product_cat":[180],"product_tag":[],"class_list":{"0":"post-17967","1":"product","2":"type-product","3":"status-publish","4":"has-post-thumbnail","6":"product_cat-physiotherapie","8":"first","9":"instock","10":"taxable","11":"shipping-taxable","12":"purchasable","13":"product-type-variable"},"acf":[],"_links":{"self":[{"href":"https:\/\/www.gymnic.com\/de\/wp-json\/wp\/v2\/product\/17967","targetHints":{"allow":["GET"]}}],"collection":[{"href":"https:\/\/www.gymnic.com\/de\/wp-json\/wp\/v2\/product"}],"about":[{"href":"https:\/\/www.gymnic.com\/de\/wp-json\/wp\/v2\/types\/product"}],"wp:featuredmedia":[{"embeddable":true,"href":"https:\/\/www.gymnic.com\/de\/wp-json\/wp\/v2\/media\/26067"}],"wp:attachment":[{"href":"https:\/\/www.gymnic.com\/de\/wp-json\/wp\/v2\/media?parent=17967"}],"wp:term":[{"taxonomy":"product_brand","embeddable":true,"href":"https:\/\/www.gymnic.com\/de\/wp-json\/wp\/v2\/product_brand?post=17967"},{"taxonomy":"product_cat","embeddable":true,"href":"https:\/\/www.gymnic.com\/de\/wp-json\/wp\/v2\/product_cat?post=17967"},{"taxonomy":"product_tag","embeddable":true,"href":"https:\/\/www.gymnic.com\/de\/wp-json\/wp\/v2\/product_tag?post=17967"}],"curies":[{"name":"wp","href":"https:\/\/api.w.org\/{rel}","templated":true}]}}