{"id":18017,"date":"2023-05-02T19:07:10","date_gmt":"2023-05-02T17:07:10","guid":{"rendered":"https:\/\/gymnic.com\/new\/prodotto\/ritmic-280\/"},"modified":"2024-12-03T14:57:55","modified_gmt":"2024-12-03T13:57:55","slug":"ritmic-280","status":"publish","type":"product","link":"https:\/\/www.gymnic.com\/de\/produkt\/ritmic-280\/","title":{"rendered":"Ritmic 280"},"content":{"rendered":"<p>Leichtere Variante des offiziellen Ritmic 420. Mit 280 Gramm erm\u00f6glicht der Ball ein Low-Impact Training. Ideal f\u00fcr Anf\u00e4nger in rhythmische Gymnastik.<\/p>\n","protected":false},"excerpt":{"rendered":"<p>Leichtere Variante des offiziellen Ritmic 420. Mit 280 Gramm erm\u00f6glicht der Ball ein Low-Impact Training. Ideal f\u00fcr Anf\u00e4nger in rhythmische Gymnastik.<\/p>\n","protected":false},"featured_media":29939,"template":"","meta":{"_acf_changed":false},"product_brand":[],"product_cat":[185],"product_tag":[],"class_list":{"0":"post-18017","1":"product","2":"type-product","3":"status-publish","4":"has-post-thumbnail","6":"product_cat-fitness","8":"first","9":"instock","10":"taxable","11":"shipping-taxable","12":"purchasable","13":"product-type-variable"},"acf":[],"_links":{"self":[{"href":"https:\/\/www.gymnic.com\/de\/wp-json\/wp\/v2\/product\/18017","targetHints":{"allow":["GET"]}}],"collection":[{"href":"https:\/\/www.gymnic.com\/de\/wp-json\/wp\/v2\/product"}],"about":[{"href":"https:\/\/www.gymnic.com\/de\/wp-json\/wp\/v2\/types\/product"}],"wp:featuredmedia":[{"embeddable":true,"href":"https:\/\/www.gymnic.com\/de\/wp-json\/wp\/v2\/media\/29939"}],"wp:attachment":[{"href":"https:\/\/www.gymnic.com\/de\/wp-json\/wp\/v2\/media?parent=18017"}],"wp:term":[{"taxonomy":"product_brand","embeddable":true,"href":"https:\/\/www.gymnic.com\/de\/wp-json\/wp\/v2\/product_brand?post=18017"},{"taxonomy":"product_cat","embeddable":true,"href":"https:\/\/www.gymnic.com\/de\/wp-json\/wp\/v2\/product_cat?post=18017"},{"taxonomy":"product_tag","embeddable":true,"href":"https:\/\/www.gymnic.com\/de\/wp-json\/wp\/v2\/product_tag?post=18017"}],"curies":[{"name":"wp","href":"https:\/\/api.w.org\/{rel}","templated":true}]}}