{"id":18077,"date":"2023-05-02T19:07:31","date_gmt":"2023-05-02T17:07:31","guid":{"rendered":"https:\/\/gymnic.com\/new\/prodotto\/sitngym-perla\/"},"modified":"2023-05-17T18:53:40","modified_gmt":"2023-05-17T16:53:40","slug":"sitngym-perla","status":"publish","type":"product","link":"https:\/\/www.gymnic.com\/de\/produkt\/sitngym-perla\/","title":{"rendered":"Sit\u2019n\u2019Gym Perla"},"content":{"rendered":"<p>Der Sit\u2019n\u2019Gym Perla Ball besitzt die gleichen Eigenschaften wie der Sit\u2019n\u2019Gym. Der Ball zeichnet sich durch die elegante Perlwei\u00df Farbe aus. Erh\u00e4ltlich in drei verschiedenen Gr\u00f6\u00dfen und geliefert in einer bedr\u00fcckten Schachtel.<\/p>\n","protected":false},"excerpt":{"rendered":"<p>Der Sit\u2019n\u2019Gym Perla Ball besitzt die gleichen Eigenschaften wie der Sit\u2019n\u2019Gym. Der Ball zeichnet sich durch die elegante Perlwei\u00df Farbe aus. Erh\u00e4ltlich in drei verschiedenen&#8230;<\/p>\n","protected":false},"featured_media":30083,"template":"","meta":{"_acf_changed":false},"product_brand":[],"product_cat":[200],"product_tag":[],"class_list":{"0":"post-18077","1":"product","2":"type-product","3":"status-publish","4":"has-post-thumbnail","6":"product_cat-wellfit","8":"first","9":"instock","10":"taxable","11":"shipping-taxable","12":"purchasable","13":"product-type-variable"},"acf":[],"_links":{"self":[{"href":"https:\/\/www.gymnic.com\/de\/wp-json\/wp\/v2\/product\/18077","targetHints":{"allow":["GET"]}}],"collection":[{"href":"https:\/\/www.gymnic.com\/de\/wp-json\/wp\/v2\/product"}],"about":[{"href":"https:\/\/www.gymnic.com\/de\/wp-json\/wp\/v2\/types\/product"}],"wp:featuredmedia":[{"embeddable":true,"href":"https:\/\/www.gymnic.com\/de\/wp-json\/wp\/v2\/media\/30083"}],"wp:attachment":[{"href":"https:\/\/www.gymnic.com\/de\/wp-json\/wp\/v2\/media?parent=18077"}],"wp:term":[{"taxonomy":"product_brand","embeddable":true,"href":"https:\/\/www.gymnic.com\/de\/wp-json\/wp\/v2\/product_brand?post=18077"},{"taxonomy":"product_cat","embeddable":true,"href":"https:\/\/www.gymnic.com\/de\/wp-json\/wp\/v2\/product_cat?post=18077"},{"taxonomy":"product_tag","embeddable":true,"href":"https:\/\/www.gymnic.com\/de\/wp-json\/wp\/v2\/product_tag?post=18077"}],"curies":[{"name":"wp","href":"https:\/\/api.w.org\/{rel}","templated":true}]}}