{"id":18082,"date":"2023-05-02T19:06:26","date_gmt":"2023-05-02T17:06:26","guid":{"rendered":"https:\/\/gymnic.com\/new\/prodotto\/soffy\/"},"modified":"2023-06-22T14:26:26","modified_gmt":"2023-06-22T12:26:26","slug":"soffy","status":"publish","type":"product","link":"https:\/\/www.gymnic.com\/de\/produkt\/soffy\/","title":{"rendered":"Soffy"},"content":{"rendered":"<p>Der Soffy Ball ist die gr\u00f6\u00dfere Version des Over Balles: Sehr widerstandsf\u00e4hig, weich und griffig, eignet er sich ideal f\u00fcr Strandspiele und viele andere Aktivit\u00e4ten im Freien, so wie im Schwimmbad oder in der Turnhalle.<\/p>\n","protected":false},"excerpt":{"rendered":"<p>Der Soffy Ball ist die gr\u00f6\u00dfere Version des Over Balles: Sehr widerstandsf\u00e4hig, weich und griffig, eignet er sich ideal f\u00fcr Strandspiele und viele andere Aktivit\u00e4ten&#8230;<\/p>\n","protected":false},"featured_media":28469,"template":"","meta":{"_acf_changed":false},"product_brand":[],"product_cat":[190],"product_tag":[],"class_list":{"0":"post-18082","1":"product","2":"type-product","3":"status-publish","4":"has-post-thumbnail","6":"product_cat-spielwaren","8":"first","9":"instock","10":"taxable","11":"shipping-taxable","12":"purchasable","13":"product-type-variable"},"acf":[],"_links":{"self":[{"href":"https:\/\/www.gymnic.com\/de\/wp-json\/wp\/v2\/product\/18082","targetHints":{"allow":["GET"]}}],"collection":[{"href":"https:\/\/www.gymnic.com\/de\/wp-json\/wp\/v2\/product"}],"about":[{"href":"https:\/\/www.gymnic.com\/de\/wp-json\/wp\/v2\/types\/product"}],"wp:featuredmedia":[{"embeddable":true,"href":"https:\/\/www.gymnic.com\/de\/wp-json\/wp\/v2\/media\/28469"}],"wp:attachment":[{"href":"https:\/\/www.gymnic.com\/de\/wp-json\/wp\/v2\/media?parent=18082"}],"wp:term":[{"taxonomy":"product_brand","embeddable":true,"href":"https:\/\/www.gymnic.com\/de\/wp-json\/wp\/v2\/product_brand?post=18082"},{"taxonomy":"product_cat","embeddable":true,"href":"https:\/\/www.gymnic.com\/de\/wp-json\/wp\/v2\/product_cat?post=18082"},{"taxonomy":"product_tag","embeddable":true,"href":"https:\/\/www.gymnic.com\/de\/wp-json\/wp\/v2\/product_tag?post=18082"}],"curies":[{"name":"wp","href":"https:\/\/api.w.org\/{rel}","templated":true}]}}