{"id":18107,"date":"2023-05-02T19:10:23","date_gmt":"2023-05-02T17:10:23","guid":{"rendered":"https:\/\/gymnic.com\/new\/prodotto\/stability-wheel\/"},"modified":"2023-05-03T15:59:39","modified_gmt":"2023-05-03T13:59:39","slug":"stability-wheel","status":"publish","type":"product","link":"https:\/\/www.gymnic.com\/de\/produkt\/stability-wheel\/","title":{"rendered":"Stability Wheel"},"content":{"rendered":"<p>Unser Stability Wheel l\u00e4sst sich hervorragend als Balance Board verwenden. Ideal f\u00fcr Fitness und Rehabilitations\u00fcbungen zur F\u00f6rderung von Gleichgewicht, Muskeltonus und K\u00f6rperhaltung. Dieses propriozeptive Ger\u00e4t ist f\u00fcr Sportlertraining verschiedener Disziplinen sehr geeignet: Basketball, Volley, Tennis und Ski. Der H\u00e4rtegrad kann mit Nadelventil individuell reguliert werden.<\/p>\n","protected":false},"excerpt":{"rendered":"<p>Unser Stability Wheel l\u00e4sst sich hervorragend als Balance Board verwenden. Ideal f\u00fcr Fitness und Rehabilitations\u00fcbungen zur F\u00f6rderung von Gleichgewicht, Muskeltonus und K\u00f6rperhaltung. Dieses propriozeptive Ger\u00e4t&#8230;<\/p>\n","protected":false},"featured_media":27133,"template":"","meta":{"_acf_changed":false},"product_brand":[],"product_cat":[180,185],"product_tag":[],"class_list":{"0":"post-18107","1":"product","2":"type-product","3":"status-publish","4":"has-post-thumbnail","6":"product_cat-physiotherapie","7":"product_cat-fitness","9":"first","10":"instock","11":"taxable","12":"shipping-taxable","13":"purchasable","14":"product-type-simple"},"acf":[],"_links":{"self":[{"href":"https:\/\/www.gymnic.com\/de\/wp-json\/wp\/v2\/product\/18107","targetHints":{"allow":["GET"]}}],"collection":[{"href":"https:\/\/www.gymnic.com\/de\/wp-json\/wp\/v2\/product"}],"about":[{"href":"https:\/\/www.gymnic.com\/de\/wp-json\/wp\/v2\/types\/product"}],"wp:featuredmedia":[{"embeddable":true,"href":"https:\/\/www.gymnic.com\/de\/wp-json\/wp\/v2\/media\/27133"}],"wp:attachment":[{"href":"https:\/\/www.gymnic.com\/de\/wp-json\/wp\/v2\/media?parent=18107"}],"wp:term":[{"taxonomy":"product_brand","embeddable":true,"href":"https:\/\/www.gymnic.com\/de\/wp-json\/wp\/v2\/product_brand?post=18107"},{"taxonomy":"product_cat","embeddable":true,"href":"https:\/\/www.gymnic.com\/de\/wp-json\/wp\/v2\/product_cat?post=18107"},{"taxonomy":"product_tag","embeddable":true,"href":"https:\/\/www.gymnic.com\/de\/wp-json\/wp\/v2\/product_tag?post=18107"}],"curies":[{"name":"wp","href":"https:\/\/api.w.org\/{rel}","templated":true}]}}