{"id":18137,"date":"2023-05-02T19:07:10","date_gmt":"2023-05-02T17:07:10","guid":{"rendered":"https:\/\/gymnic.com\/new\/prodotto\/training-bowl\/"},"modified":"2023-07-05T10:46:37","modified_gmt":"2023-07-05T08:46:37","slug":"training-bowl","status":"publish","type":"product","link":"https:\/\/www.gymnic.com\/de\/produkt\/training-bowl\/","title":{"rendered":"Training Bowl"},"content":{"rendered":"<p>Die Training Bowls sind eine gute Alternative zu den \u00fcblichen Kettlebells. Dank des weichen und elastischen Materials k\u00f6nnen sie auf jeglicher Oberfl\u00e4che ohne Sorgen verwendet werden. Durch den St\u00f6psel, der sich auf der Basis befindet, kann man die Training Bowls individuell mit Wasser (bis zu 3,5 kg) oder mit Sand (bis zu 5,5 kg) bef\u00fcllen. Die Griffe bieten einen angenehmen Grip f\u00fcr H\u00e4nde und F\u00fc\u00dfe. Das Produkt ist besonders geeignet f\u00fcr Kraft- und Widerstands\u00fcbungen und zur St\u00e4rkung der Handgelenke und Kn\u00f6chel.<\/p>\n","protected":false},"excerpt":{"rendered":"<p>Die Training Bowls sind eine gute Alternative zu den \u00fcblichen Kettlebells. Dank des weichen und elastischen Materials k\u00f6nnen sie auf jeglicher Oberfl\u00e4che ohne Sorgen verwendet&#8230;<\/p>\n","protected":false},"featured_media":29455,"template":"","meta":{"_acf_changed":false},"product_brand":[],"product_cat":[185],"product_tag":[],"class_list":{"0":"post-18137","1":"product","2":"type-product","3":"status-publish","4":"has-post-thumbnail","6":"product_cat-fitness","8":"first","9":"instock","10":"taxable","11":"shipping-taxable","12":"purchasable","13":"product-type-simple"},"acf":[],"_links":{"self":[{"href":"https:\/\/www.gymnic.com\/de\/wp-json\/wp\/v2\/product\/18137","targetHints":{"allow":["GET"]}}],"collection":[{"href":"https:\/\/www.gymnic.com\/de\/wp-json\/wp\/v2\/product"}],"about":[{"href":"https:\/\/www.gymnic.com\/de\/wp-json\/wp\/v2\/types\/product"}],"wp:featuredmedia":[{"embeddable":true,"href":"https:\/\/www.gymnic.com\/de\/wp-json\/wp\/v2\/media\/29455"}],"wp:attachment":[{"href":"https:\/\/www.gymnic.com\/de\/wp-json\/wp\/v2\/media?parent=18137"}],"wp:term":[{"taxonomy":"product_brand","embeddable":true,"href":"https:\/\/www.gymnic.com\/de\/wp-json\/wp\/v2\/product_brand?post=18137"},{"taxonomy":"product_cat","embeddable":true,"href":"https:\/\/www.gymnic.com\/de\/wp-json\/wp\/v2\/product_cat?post=18137"},{"taxonomy":"product_tag","embeddable":true,"href":"https:\/\/www.gymnic.com\/de\/wp-json\/wp\/v2\/product_tag?post=18137"}],"curies":[{"name":"wp","href":"https:\/\/api.w.org\/{rel}","templated":true}]}}