{"id":2232,"date":"2018-01-15T17:29:26","date_gmt":"2018-01-15T16:29:26","guid":{"rendered":"http:\/\/www.gymnic.com\/site\/concetto-gymnic\/"},"modified":"2023-10-13T18:07:12","modified_gmt":"2023-10-13T16:07:12","slug":"concepto-gymnic","status":"publish","type":"page","link":"https:\/\/www.gymnic.com\/es\/concepto-gymnic\/","title":{"rendered":"Concepto Gymnic"},"content":{"rendered":"\n<div class=\"wp-block-columns is-layout-flex wp-container-core-columns-is-layout-9d6595d7 wp-block-columns-is-layout-flex\">\n<div class=\"wp-block-column is-layout-flow wp-block-column-is-layout-flow\">\n<h1 class=\"wp-block-heading\">Concepto Gymnic<\/h1>\n\n\n\n<div style=\"height:40px\" aria-hidden=\"true\" class=\"wp-block-spacer\"><\/div>\n\n\n <div class=\"cerchi-pagina\" id=\"block_11e5c8e5f08bdf9a5c545287f5a3a2f4\">\n     <ul class=\"punti\">\n            <li class=\"circle entered\">\n\t\t<svg width=\"150\" height=\"150\" aria-hidden=\"true\">\n  <circle cx=\"75\" cy=\"75\" r=\"73\" \/>\n<\/svg>\n<p>Movimiento<\/p>\n        <\/li>\n            <li class=\"circle entered\">\n\t\t<svg width=\"150\" height=\"150\" aria-hidden=\"true\">\n  <circle cx=\"75\" cy=\"75\" r=\"73\" \/>\n<\/svg>\n<p>Bienestar<\/p>\n        <\/li>\n            <li class=\"circle entered\">\n\t\t<svg width=\"150\" height=\"150\" aria-hidden=\"true\">\n  <circle cx=\"75\" cy=\"75\" r=\"73\" \/>\n<\/svg>\n<p>Prevenci\u00f3n<\/p>\n        <\/li>\n            <li class=\"circle entered\">\n\t\t<svg width=\"150\" height=\"150\" aria-hidden=\"true\">\n  <circle cx=\"75\" cy=\"75\" r=\"73\" \/>\n<\/svg>\n<p>Interacci\u00f3n<\/p>\n        <\/li>\n        <\/ul>\n<\/div>\n\t\t\n\n\n<div class=\"wp-block-columns is-layout-flex wp-container-core-columns-is-layout-9d6595d7 wp-block-columns-is-layout-flex\">\n<div class=\"wp-block-column is-layout-flow wp-block-column-is-layout-flow\" style=\"flex-basis:25%\"><\/div>\n\n\n\n<div class=\"wp-block-column is-layout-flow wp-block-column-is-layout-flow\" style=\"flex-basis:75%\">\n<div class=\"wp-block-columns is-layout-flex wp-container-core-columns-is-layout-9d6595d7 wp-block-columns-is-layout-flex\">\n<div class=\"wp-block-column is-layout-flow wp-block-column-is-layout-flow\">\n<div style=\"height:40px\" aria-hidden=\"true\" class=\"wp-block-spacer\"><\/div>\n\n\n\n<p>Son estos los conceptos en los que se inspiran todos los productos de la l\u00ednea Gymnic, desde el art\u00edculo para fitness hasta el juguete. La visi\u00f3n de un producto que une todos estos conceptos nace de la producci\u00f3n del primer bal\u00f3n de grandes dimensiones, llamado \u201cGymnic Ball\u201d. <\/p>\n\n\n\n<p>De esta creacci\u00f3n en adelante, el deseo de seguir los beneficios de este instrumento se ha materializado en una serie de productos que abarcan sectores diferentes pero al mismo tiempo unidos entre s\u00ed por la misma filosof\u00eda.<\/p>\n<\/div>\n\n\n\n<div class=\"wp-block-column is-layout-flow wp-block-column-is-layout-flow\"><div class=\"wp-block-image\">\n<figure class=\"aligncenter size-full is-resized\"><img decoding=\"async\" src=\"https:\/\/gymnic.com\/new\/wp-content\/uploads\/2023\/06\/Gymnic-Gymnast-Logo.svg\" alt=\"\" class=\"wp-image-29072\" style=\"width:480px;height:800px\"\/><\/figure>\n<\/div><\/div>\n<\/div>\n<\/div>\n<\/div>\n<\/div>\n<\/div>\n\n\n\n<div class=\"wp-block-columns is-layout-flex wp-container-core-columns-is-layout-9d6595d7 wp-block-columns-is-layout-flex\">\n<div class=\"wp-block-column is-layout-flow wp-block-column-is-layout-flow\" style=\"flex-basis:25%\"><\/div>\n\n\n\n<div class=\"wp-block-column is-layout-flow wp-block-column-is-layout-flow\" style=\"flex-basis:75%\">\n<hr class=\"wp-block-separator has-alpha-channel-opacity\"\/>\n\n\n\n<div class=\"wp-block-columns is-layout-flex wp-container-core-columns-is-layout-9d6595d7 wp-block-columns-is-layout-flex\">\n<div class=\"wp-block-column is-layout-flow wp-block-column-is-layout-flow\" style=\"flex-basis:33.33%\">\n<figure class=\"wp-block-image alignfull size-full\"><img decoding=\"async\" src=\"https:\/\/gymnic.com\/new\/wp-content\/uploads\/2023\/05\/Fit-Ball-Concept-Logo.svg\" alt=\"\" class=\"wp-image-23933\"\/><\/figure>\n<\/div>\n\n\n\n<div class=\"wp-block-column is-layout-flow wp-block-column-is-layout-flow\" style=\"flex-basis:66.66%\">\n<p>Siguiendo el desarrollo del bal\u00f3n Gymnic, nacido inicialmente para un uso exclusivamente fisioterap\u00e9utico, es a Ledraplastic a quien hay que reconocer la invenci\u00f3n del concepto y del nombre Fit-Ball (marca registrada), que se ha vuelto de uso com\u00fan para identificar tanto el bal\u00f3n para fitness como la disciplina, desarrollada y aplicada popularmente en los Estados Unidos y que tuvo suceso en los a\u00f1os noventa a nivel mundial.<\/p>\n<\/div>\n<\/div>\n\n\n\n<div style=\"height:40px\" aria-hidden=\"true\" class=\"wp-block-spacer\"><\/div>\n\n\n\n<hr class=\"wp-block-separator has-alpha-channel-opacity\"\/>\n\n\n\n<div class=\"wp-block-columns is-layout-flex wp-container-core-columns-is-layout-9d6595d7 wp-block-columns-is-layout-flex\">\n<div class=\"wp-block-column is-layout-flow wp-block-column-is-layout-flow\" style=\"flex-basis:33.33%\">\n<figure class=\"wp-block-image alignfull size-full\"><img decoding=\"async\" src=\"https:\/\/gymnic.com\/new\/wp-content\/uploads\/2023\/05\/SitnGym-Concept-Logo.svg\" alt=\"\" class=\"wp-image-23939\"\/><\/figure>\n<\/div>\n\n\n\n<div class=\"wp-block-column is-layout-flow wp-block-column-is-layout-flow\" style=\"flex-basis:66.66%\">\n<p>Vistos los beneficios que el bal\u00f3n Gymnic pod\u00eda ofrecer en t\u00e9rminos de postura, ayudando y descargando la columna vertebral, llega el \u201cbal\u00f3n silla\u201d, utilizado tanto en las escuelas primarias como en ambientes dom\u00e9sticos y laborales.<\/p>\n<\/div>\n<\/div>\n\n\n\n<div style=\"height:40px\" aria-hidden=\"true\" class=\"wp-block-spacer\"><\/div>\n\n\n\n<hr class=\"wp-block-separator has-alpha-channel-opacity\"\/>\n\n\n\n<div class=\"wp-block-columns is-layout-flex wp-container-core-columns-is-layout-9d6595d7 wp-block-columns-is-layout-flex\">\n<div class=\"wp-block-column is-layout-flow wp-block-column-is-layout-flow\" style=\"flex-basis:33.33%\">\n<figure class=\"wp-block-image alignfull size-full\"><img decoding=\"async\" src=\"https:\/\/gymnic.com\/new\/wp-content\/uploads\/2023\/05\/Movin-Sit-Concept-Logo.svg\" alt=\"\" class=\"wp-image-23945\"\/><\/figure>\n<\/div>\n\n\n\n<div class=\"wp-block-column is-layout-flow wp-block-column-is-layout-flow\" style=\"flex-basis:66.66%\">\n<p>No siempre es posible tener el espacio necesario, o en la oficina o durante una clase para tener un bal\u00f3n de grandes dimensiones. El coj\u00edn Movin\u2019 Sit soluciona este problema dando los mismos beneficios de movimiento del bal\u00f3n con un soporte f\u00e1cilmente transportable y de dimensiones reducidas.<\/p>\n<\/div>\n<\/div>\n\n\n\n<div style=\"height:40px\" aria-hidden=\"true\" class=\"wp-block-spacer\"><\/div>\n\n\n\n<hr class=\"wp-block-separator has-alpha-channel-opacity\"\/>\n\n\n\n<div class=\"wp-block-columns is-layout-flex wp-container-core-columns-is-layout-9d6595d7 wp-block-columns-is-layout-flex\">\n<div class=\"wp-block-column is-layout-flow wp-block-column-is-layout-flow\" style=\"flex-basis:33.33%\">\n<figure class=\"wp-block-image alignfull size-full\"><img decoding=\"async\" src=\"https:\/\/gymnic.com\/new\/wp-content\/uploads\/2023\/05\/Rody-Concept-Logo.svg\" alt=\"\" class=\"wp-image-23951\"\/><\/figure>\n<\/div>\n\n\n\n<div class=\"wp-block-column is-layout-flow wp-block-column-is-layout-flow\" style=\"flex-basis:66.66%\">\n<p>El caballito Rody une una experiencia puramente l\u00fadica a un beneficio que permite al ni\u00f1o de mejorar su equil\u00edbrio, coordinaci\u00f3n, postura y tono muscular desde hace sus primeros a\u00f1os, concentrando en s\u00ed mismo toda la \u201cfilosof\u00eda\u201d Gymnic.<\/p>\n<\/div>\n<\/div>\n\n\n\n<div style=\"height:40px\" aria-hidden=\"true\" class=\"wp-block-spacer\"><\/div>\n<\/div>\n<\/div>\n","protected":false},"excerpt":{"rendered":"<p>Concepto Gymnic Son estos los conceptos en los que se inspiran todos los productos de la l\u00ednea Gymnic, desde el art\u00edculo para fitness hasta el&#8230;<\/p>\n","protected":false},"author":1,"featured_media":0,"parent":0,"menu_order":0,"comment_status":"closed","ping_status":"closed","template":"","meta":{"_acf_changed":false,"footnotes":""},"class_list":["post-2232","page","type-page","status-publish","hentry"],"acf":[],"_links":{"self":[{"href":"https:\/\/www.gymnic.com\/es\/wp-json\/wp\/v2\/pages\/2232","targetHints":{"allow":["GET"]}}],"collection":[{"href":"https:\/\/www.gymnic.com\/es\/wp-json\/wp\/v2\/pages"}],"about":[{"href":"https:\/\/www.gymnic.com\/es\/wp-json\/wp\/v2\/types\/page"}],"author":[{"embeddable":true,"href":"https:\/\/www.gymnic.com\/es\/wp-json\/wp\/v2\/users\/1"}],"replies":[{"embeddable":true,"href":"https:\/\/www.gymnic.com\/es\/wp-json\/wp\/v2\/comments?post=2232"}],"version-history":[{"count":11,"href":"https:\/\/www.gymnic.com\/es\/wp-json\/wp\/v2\/pages\/2232\/revisions"}],"predecessor-version":[{"id":31878,"href":"https:\/\/www.gymnic.com\/es\/wp-json\/wp\/v2\/pages\/2232\/revisions\/31878"}],"wp:attachment":[{"href":"https:\/\/www.gymnic.com\/es\/wp-json\/wp\/v2\/media?parent=2232"}],"curies":[{"name":"wp","href":"https:\/\/api.w.org\/{rel}","templated":true}]}}