{"id":17649,"date":"2023-05-02T19:08:35","date_gmt":"2023-05-02T17:08:35","guid":{"rendered":"https:\/\/gymnic.com\/new\/prodotto\/activ-roll\/"},"modified":"2023-05-17T16:50:29","modified_gmt":"2023-05-17T14:50:29","slug":"activ-roll","status":"publish","type":"product","link":"https:\/\/www.gymnic.com\/es\/producto\/activ-roll\/","title":{"rendered":"Activ Roll"},"content":{"rendered":"<p>Un peque\u00f1o cilindro con puntas suaves para un masaje confortante. El Activ Roll est\u00edmula la circulaci\u00f3n sangu\u00ednea dando beneficios a todo el cuerpo. Utilizado para masajes plantares y dorsales, reflexolog\u00eda y por el trabajo miofascial. La consistencia del producto puede ser regulada en base al inflado.<\/p>\n","protected":false},"excerpt":{"rendered":"<p>Un peque\u00f1o cilindro con puntas suaves para un masaje confortante. El Activ Roll est\u00edmula la circulaci\u00f3n sangu\u00ednea dando beneficios a todo el cuerpo. Utilizado para&#8230;<\/p>\n","protected":false},"featured_media":30973,"template":"","meta":{"_acf_changed":false},"product_brand":[],"product_cat":[202],"product_tag":[],"class_list":{"0":"post-17649","1":"product","2":"type-product","3":"status-publish","4":"has-post-thumbnail","6":"product_cat-wellfit","8":"first","9":"instock","10":"taxable","11":"shipping-taxable","12":"purchasable","13":"product-type-simple"},"acf":[],"_links":{"self":[{"href":"https:\/\/www.gymnic.com\/es\/wp-json\/wp\/v2\/product\/17649","targetHints":{"allow":["GET"]}}],"collection":[{"href":"https:\/\/www.gymnic.com\/es\/wp-json\/wp\/v2\/product"}],"about":[{"href":"https:\/\/www.gymnic.com\/es\/wp-json\/wp\/v2\/types\/product"}],"wp:featuredmedia":[{"embeddable":true,"href":"https:\/\/www.gymnic.com\/es\/wp-json\/wp\/v2\/media\/30973"}],"wp:attachment":[{"href":"https:\/\/www.gymnic.com\/es\/wp-json\/wp\/v2\/media?parent=17649"}],"wp:term":[{"taxonomy":"product_brand","embeddable":true,"href":"https:\/\/www.gymnic.com\/es\/wp-json\/wp\/v2\/product_brand?post=17649"},{"taxonomy":"product_cat","embeddable":true,"href":"https:\/\/www.gymnic.com\/es\/wp-json\/wp\/v2\/product_cat?post=17649"},{"taxonomy":"product_tag","embeddable":true,"href":"https:\/\/www.gymnic.com\/es\/wp-json\/wp\/v2\/product_tag?post=17649"}],"curies":[{"name":"wp","href":"https:\/\/api.w.org\/{rel}","templated":true}]}}