{"id":17734,"date":"2023-05-02T19:07:53","date_gmt":"2023-05-02T17:07:53","guid":{"rendered":"https:\/\/gymnic.com\/new\/prodotto\/discosit\/"},"modified":"2023-05-17T18:38:46","modified_gmt":"2023-05-17T16:38:46","slug":"discosit","status":"publish","type":"product","link":"https:\/\/www.gymnic.com\/es\/producto\/discosit\/","title":{"rendered":"Disc\u2019o\u2019Sit"},"content":{"rendered":"<p>Realizado como coj\u00edn para sentarse para favorecer una postura correcta, el Disc\u2019o\u2019Sit se ha sucesivamente destacado tambi\u00e9n en el sector del entrenamiento funcional y terap\u00e9utico. Utilizado para hacer ejercicios para desarrollar coordenaci\u00f3n y mejorar reflejos, es incluido en muchos programas de fitness. Utilizado sobre la silla, ofrece bienestar a la columna vertebral. Regularizar el inflado en base al nivel de comodidad y estabilidad preferido.<\/p>\n","protected":false},"excerpt":{"rendered":"<p>Realizado como coj\u00edn para sentarse para favorecer una postura correcta, el Disc\u2019o\u2019Sit se ha sucesivamente destacado tambi\u00e9n en el sector del entrenamiento funcional y terap\u00e9utico&#8230;.<\/p>\n","protected":false},"featured_media":29543,"template":"","meta":{"_acf_changed":false},"product_brand":[],"product_cat":[187,202],"product_tag":[],"class_list":{"0":"post-17734","1":"product","2":"type-product","3":"status-publish","4":"has-post-thumbnail","6":"product_cat-fitness","7":"product_cat-wellfit","9":"first","10":"instock","11":"taxable","12":"shipping-taxable","13":"purchasable","14":"product-type-variable"},"acf":[],"_links":{"self":[{"href":"https:\/\/www.gymnic.com\/es\/wp-json\/wp\/v2\/product\/17734","targetHints":{"allow":["GET"]}}],"collection":[{"href":"https:\/\/www.gymnic.com\/es\/wp-json\/wp\/v2\/product"}],"about":[{"href":"https:\/\/www.gymnic.com\/es\/wp-json\/wp\/v2\/types\/product"}],"wp:featuredmedia":[{"embeddable":true,"href":"https:\/\/www.gymnic.com\/es\/wp-json\/wp\/v2\/media\/29543"}],"wp:attachment":[{"href":"https:\/\/www.gymnic.com\/es\/wp-json\/wp\/v2\/media?parent=17734"}],"wp:term":[{"taxonomy":"product_brand","embeddable":true,"href":"https:\/\/www.gymnic.com\/es\/wp-json\/wp\/v2\/product_brand?post=17734"},{"taxonomy":"product_cat","embeddable":true,"href":"https:\/\/www.gymnic.com\/es\/wp-json\/wp\/v2\/product_cat?post=17734"},{"taxonomy":"product_tag","embeddable":true,"href":"https:\/\/www.gymnic.com\/es\/wp-json\/wp\/v2\/product_tag?post=17734"}],"curies":[{"name":"wp","href":"https:\/\/api.w.org\/{rel}","templated":true}]}}