{"id":17744,"date":"2023-05-02T19:07:53","date_gmt":"2023-05-02T17:07:53","guid":{"rendered":"https:\/\/gymnic.com\/new\/prodotto\/discosit-jr\/"},"modified":"2023-05-18T17:44:11","modified_gmt":"2023-05-18T15:44:11","slug":"discosit-jr","status":"publish","type":"product","link":"https:\/\/www.gymnic.com\/es\/producto\/discosit-jr\/","title":{"rendered":"Disc\u2019o\u2019Sit Jr."},"content":{"rendered":"<p>El Disc\u2019o\u2019Sit Jr. es la versi\u00f3n m\u00e1s peque\u00f1a del Disc\u2019o\u2019Sit, pensada para los ni\u00f1os. Se adapta perfectamente a las sillas de los colegios y de las escuelas maternas. Adem\u00e1s de ser un v\u00e1lido soporte que se utiliza con la silla para mantener una postura correcta, puede utilizarse para hacer ejercicios a tierra para desarrollar equilibrio y motricidad. La estabilidad y el movimiento pueden ser regulados en base al inflado.<\/p>\n","protected":false},"excerpt":{"rendered":"<p>El Disc\u2019o\u2019Sit Jr. es la versi\u00f3n m\u00e1s peque\u00f1a del Disc\u2019o\u2019Sit, pensada para los ni\u00f1os. Se adapta perfectamente a las sillas de los colegios y de&#8230;<\/p>\n","protected":false},"featured_media":30398,"template":"","meta":{"_acf_changed":false},"product_brand":[],"product_cat":[202],"product_tag":[],"class_list":{"0":"post-17744","1":"product","2":"type-product","3":"status-publish","4":"has-post-thumbnail","6":"product_cat-wellfit","8":"first","9":"instock","10":"taxable","11":"shipping-taxable","12":"purchasable","13":"product-type-simple"},"acf":[],"_links":{"self":[{"href":"https:\/\/www.gymnic.com\/es\/wp-json\/wp\/v2\/product\/17744","targetHints":{"allow":["GET"]}}],"collection":[{"href":"https:\/\/www.gymnic.com\/es\/wp-json\/wp\/v2\/product"}],"about":[{"href":"https:\/\/www.gymnic.com\/es\/wp-json\/wp\/v2\/types\/product"}],"wp:featuredmedia":[{"embeddable":true,"href":"https:\/\/www.gymnic.com\/es\/wp-json\/wp\/v2\/media\/30398"}],"wp:attachment":[{"href":"https:\/\/www.gymnic.com\/es\/wp-json\/wp\/v2\/media?parent=17744"}],"wp:term":[{"taxonomy":"product_brand","embeddable":true,"href":"https:\/\/www.gymnic.com\/es\/wp-json\/wp\/v2\/product_brand?post=17744"},{"taxonomy":"product_cat","embeddable":true,"href":"https:\/\/www.gymnic.com\/es\/wp-json\/wp\/v2\/product_cat?post=17744"},{"taxonomy":"product_tag","embeddable":true,"href":"https:\/\/www.gymnic.com\/es\/wp-json\/wp\/v2\/product_tag?post=17744"}],"curies":[{"name":"wp","href":"https:\/\/api.w.org\/{rel}","templated":true}]}}