{"id":17839,"date":"2023-05-02T19:05:44","date_gmt":"2023-05-02T17:05:44","guid":{"rendered":"https:\/\/gymnic.com\/new\/prodotto\/heavymed\/"},"modified":"2024-11-28T09:01:21","modified_gmt":"2024-11-28T08:01:21","slug":"heavymed","status":"publish","type":"product","link":"https:\/\/www.gymnic.com\/es\/producto\/heavymed\/","title":{"rendered":"Heavymed"},"content":{"rendered":"<p>Las pelotas Heavymed son una evoluci\u00f3n de la cl\u00e1sica pelota m\u00e9dica. Disponibles en 6 diferentes pesos, de 500 gramos a 5 quilos, concentran el peso en un volumen compacto. Son utilizadas con \u00e9xito sea en \u00e1mbito fitness que rehabilitativo. Llenas exclusivamente de agua, su superficie favorece una buena empu\u00f1adura. Gracias a su elasticidad, no arruinan las superficies sobre las que se las utiliza.<\/p>\n","protected":false},"excerpt":{"rendered":"<p>Las pelotas Heavymed son una evoluci\u00f3n de la cl\u00e1sica pelota m\u00e9dica. Disponibles en 6 diferentes pesos, de 500 gramos a 5 quilos, concentran el peso&#8230;<\/p>\n","protected":false},"featured_media":27327,"template":"","meta":{"_acf_changed":false},"product_brand":[],"product_cat":[182,187],"product_tag":[],"class_list":{"0":"post-17839","1":"product","2":"type-product","3":"status-publish","4":"has-post-thumbnail","6":"product_cat-fisioterapia","7":"product_cat-fitness","9":"first","10":"instock","11":"taxable","12":"shipping-taxable","13":"purchasable","14":"product-type-variable"},"acf":[],"_links":{"self":[{"href":"https:\/\/www.gymnic.com\/es\/wp-json\/wp\/v2\/product\/17839","targetHints":{"allow":["GET"]}}],"collection":[{"href":"https:\/\/www.gymnic.com\/es\/wp-json\/wp\/v2\/product"}],"about":[{"href":"https:\/\/www.gymnic.com\/es\/wp-json\/wp\/v2\/types\/product"}],"wp:featuredmedia":[{"embeddable":true,"href":"https:\/\/www.gymnic.com\/es\/wp-json\/wp\/v2\/media\/27327"}],"wp:attachment":[{"href":"https:\/\/www.gymnic.com\/es\/wp-json\/wp\/v2\/media?parent=17839"}],"wp:term":[{"taxonomy":"product_brand","embeddable":true,"href":"https:\/\/www.gymnic.com\/es\/wp-json\/wp\/v2\/product_brand?post=17839"},{"taxonomy":"product_cat","embeddable":true,"href":"https:\/\/www.gymnic.com\/es\/wp-json\/wp\/v2\/product_cat?post=17839"},{"taxonomy":"product_tag","embeddable":true,"href":"https:\/\/www.gymnic.com\/es\/wp-json\/wp\/v2\/product_tag?post=17839"}],"curies":[{"name":"wp","href":"https:\/\/api.w.org\/{rel}","templated":true}]}}