{"id":17889,"date":"2023-05-02T19:11:50","date_gmt":"2023-05-02T17:11:50","guid":{"rendered":"https:\/\/gymnic.com\/new\/prodotto\/movin-sit\/"},"modified":"2023-05-18T17:28:37","modified_gmt":"2023-05-18T15:28:37","slug":"movin-sit","status":"publish","type":"product","link":"https:\/\/www.gymnic.com\/es\/producto\/movin-sit\/","title":{"rendered":"Movin\u2019 Sit"},"content":{"rendered":"<p>Movin\u2019 Sit es un coj\u00edn inflable que activa los m\u00fasculos del tronco sosteniendo la columna vertebral. Su forma lo devuelve el m\u00e1s apreciado por los fisioterapistas porque ha sido estudiada para ofrecer una postura m\u00e1s correcta, permitiendo as\u00ed la b\u00fasqueda de una posici\u00f3n p\u00e9lvica equilibrada. El movimento y los beneficios ofrecidos son similares a los que ofrece el bal\u00f3n. La estabilidad y el nivel de comodidad pueden ser regulados en base al inflado. El Movin\u2019 Sit se lo utiliza como complemento en el tratamiento de inflamaciones de la zona lumbar y ci\u00e1tica.<\/p>\n","protected":false},"excerpt":{"rendered":"<p>Movin\u2019 Sit es un coj\u00edn inflable que activa los m\u00fasculos del tronco sosteniendo la columna vertebral. Su forma lo devuelve el m\u00e1s apreciado por los&#8230;<\/p>\n","protected":false},"featured_media":30147,"template":"","meta":{"_acf_changed":false},"product_brand":[],"product_cat":[202],"product_tag":[],"class_list":{"0":"post-17889","1":"product","2":"type-product","3":"status-publish","4":"has-post-thumbnail","6":"product_cat-wellfit","8":"first","9":"instock","10":"taxable","11":"shipping-taxable","12":"purchasable","13":"product-type-simple"},"acf":[],"_links":{"self":[{"href":"https:\/\/www.gymnic.com\/es\/wp-json\/wp\/v2\/product\/17889","targetHints":{"allow":["GET"]}}],"collection":[{"href":"https:\/\/www.gymnic.com\/es\/wp-json\/wp\/v2\/product"}],"about":[{"href":"https:\/\/www.gymnic.com\/es\/wp-json\/wp\/v2\/types\/product"}],"wp:featuredmedia":[{"embeddable":true,"href":"https:\/\/www.gymnic.com\/es\/wp-json\/wp\/v2\/media\/30147"}],"wp:attachment":[{"href":"https:\/\/www.gymnic.com\/es\/wp-json\/wp\/v2\/media?parent=17889"}],"wp:term":[{"taxonomy":"product_brand","embeddable":true,"href":"https:\/\/www.gymnic.com\/es\/wp-json\/wp\/v2\/product_brand?post=17889"},{"taxonomy":"product_cat","embeddable":true,"href":"https:\/\/www.gymnic.com\/es\/wp-json\/wp\/v2\/product_cat?post=17889"},{"taxonomy":"product_tag","embeddable":true,"href":"https:\/\/www.gymnic.com\/es\/wp-json\/wp\/v2\/product_tag?post=17889"}],"curies":[{"name":"wp","href":"https:\/\/api.w.org\/{rel}","templated":true}]}}