{"id":17974,"date":"2023-05-02T19:05:43","date_gmt":"2023-05-02T17:05:43","guid":{"rendered":"https:\/\/gymnic.com\/new\/prodotto\/physio-roll\/"},"modified":"2023-06-07T14:20:49","modified_gmt":"2023-06-07T12:20:49","slug":"physio-roll","status":"publish","type":"product","link":"https:\/\/www.gymnic.com\/es\/producto\/physio-roll\/","title":{"rendered":"Physio Roll"},"content":{"rendered":"<p>Physio Roll nace de la uni\u00f3n de dos balones que han formado as\u00ed un instrumento que permite una variedad de utilizaci\u00f3n asociada a una estabilidad mayor con respecto al cl\u00e1sico bal\u00f3n. La ligera depresi\u00f3n central del producto que permite sentarse como en una silla de montar, ofrece estabilidad y seguridad a personas de cada edad. El terapista tambi\u00e9n puede sentarse junto al paciente para conducirlo en los movimientos. Utilizado desde hace muchos a\u00f1os en el sector fisioter\u00e1pico, ideal para todos aquellos que tienen dificultad de coordinaci\u00f3n y equilibrio, para personas con h\u00e1ndicap y personas de edad avanzada. Aconsejado tambi\u00e9n para ejercicios y actividades con ni\u00f1os.<\/p>\n","protected":false},"excerpt":{"rendered":"<p>Physio Roll nace de la uni\u00f3n de dos balones que han formado as\u00ed un instrumento que permite una variedad de utilizaci\u00f3n asociada a una estabilidad&#8230;<\/p>\n","protected":false},"featured_media":26754,"template":"","meta":{"_acf_changed":false},"product_brand":[],"product_cat":[182],"product_tag":[],"class_list":{"0":"post-17974","1":"product","2":"type-product","3":"status-publish","4":"has-post-thumbnail","6":"product_cat-fisioterapia","8":"first","9":"instock","10":"taxable","11":"shipping-taxable","12":"purchasable","13":"product-type-variable"},"acf":[],"_links":{"self":[{"href":"https:\/\/www.gymnic.com\/es\/wp-json\/wp\/v2\/product\/17974","targetHints":{"allow":["GET"]}}],"collection":[{"href":"https:\/\/www.gymnic.com\/es\/wp-json\/wp\/v2\/product"}],"about":[{"href":"https:\/\/www.gymnic.com\/es\/wp-json\/wp\/v2\/types\/product"}],"wp:featuredmedia":[{"embeddable":true,"href":"https:\/\/www.gymnic.com\/es\/wp-json\/wp\/v2\/media\/26754"}],"wp:attachment":[{"href":"https:\/\/www.gymnic.com\/es\/wp-json\/wp\/v2\/media?parent=17974"}],"wp:term":[{"taxonomy":"product_brand","embeddable":true,"href":"https:\/\/www.gymnic.com\/es\/wp-json\/wp\/v2\/product_brand?post=17974"},{"taxonomy":"product_cat","embeddable":true,"href":"https:\/\/www.gymnic.com\/es\/wp-json\/wp\/v2\/product_cat?post=17974"},{"taxonomy":"product_tag","embeddable":true,"href":"https:\/\/www.gymnic.com\/es\/wp-json\/wp\/v2\/product_tag?post=17974"}],"curies":[{"name":"wp","href":"https:\/\/api.w.org\/{rel}","templated":true}]}}