{"id":18139,"date":"2023-05-02T19:07:10","date_gmt":"2023-05-02T17:07:10","guid":{"rendered":"https:\/\/gymnic.com\/new\/prodotto\/training-bowl\/"},"modified":"2023-07-05T10:46:58","modified_gmt":"2023-07-05T08:46:58","slug":"training-bowl","status":"publish","type":"product","link":"https:\/\/www.gymnic.com\/es\/producto\/training-bowl\/","title":{"rendered":"Training Bowl"},"content":{"rendered":"<p>Una v\u00e1lida opci\u00f3n a los cl\u00e1sicos Kettlebell, los Training Bowl no da\u00f1an las superficies gracias al material el\u00e1stico con el que est\u00e1n producidos. El tap\u00f3n que se encuentra en la base, permite llenarlos de agua hasta llegar al peso de 3,5 kg cada uno, o de arena llegando a 5,5 kg. Las manijas ofrecen un buen grip y se los pueden utilizar tanto con las manos como con los pies. Particularmente indicados para ejercicios de fuerza y resistencia muscular y para reforzar mu\u00f1ecas y tobillos.<\/p>\n","protected":false},"excerpt":{"rendered":"<p>Una v\u00e1lida opci\u00f3n a los cl\u00e1sicos Kettlebell, los Training Bowl no da\u00f1an las superficies gracias al material el\u00e1stico con el que est\u00e1n producidos. El tap\u00f3n&#8230;<\/p>\n","protected":false},"featured_media":29458,"template":"","meta":{"_acf_changed":false},"product_brand":[],"product_cat":[187],"product_tag":[],"class_list":{"0":"post-18139","1":"product","2":"type-product","3":"status-publish","4":"has-post-thumbnail","6":"product_cat-fitness","8":"first","9":"instock","10":"taxable","11":"shipping-taxable","12":"purchasable","13":"product-type-simple"},"acf":[],"_links":{"self":[{"href":"https:\/\/www.gymnic.com\/es\/wp-json\/wp\/v2\/product\/18139","targetHints":{"allow":["GET"]}}],"collection":[{"href":"https:\/\/www.gymnic.com\/es\/wp-json\/wp\/v2\/product"}],"about":[{"href":"https:\/\/www.gymnic.com\/es\/wp-json\/wp\/v2\/types\/product"}],"wp:featuredmedia":[{"embeddable":true,"href":"https:\/\/www.gymnic.com\/es\/wp-json\/wp\/v2\/media\/29458"}],"wp:attachment":[{"href":"https:\/\/www.gymnic.com\/es\/wp-json\/wp\/v2\/media?parent=18139"}],"wp:term":[{"taxonomy":"product_brand","embeddable":true,"href":"https:\/\/www.gymnic.com\/es\/wp-json\/wp\/v2\/product_brand?post=18139"},{"taxonomy":"product_cat","embeddable":true,"href":"https:\/\/www.gymnic.com\/es\/wp-json\/wp\/v2\/product_cat?post=18139"},{"taxonomy":"product_tag","embeddable":true,"href":"https:\/\/www.gymnic.com\/es\/wp-json\/wp\/v2\/product_tag?post=18139"}],"curies":[{"name":"wp","href":"https:\/\/api.w.org\/{rel}","templated":true}]}}