{"id":17646,"date":"2023-05-02T19:08:35","date_gmt":"2023-05-02T17:08:35","guid":{"rendered":"https:\/\/gymnic.com\/new\/prodotto\/activ-roll\/"},"modified":"2023-05-12T17:38:59","modified_gmt":"2023-05-12T15:38:59","slug":"activ-roll","status":"publish","type":"product","link":"https:\/\/www.gymnic.com\/fr\/produit\/activ-roll\/","title":{"rendered":"Activ Roll"},"content":{"rendered":"<p>Un petit rouleau avec des bosses souples pour un massage confortable. L\u2019Activ Roll stimule la circulation sanguine au b\u00e9n\u00e9fice de tout le corps. Utilis\u00e9 pour massages plantaires et du dos, r\u00e9flexologie et pour travail myofascial. La consistance du produit peut \u00eatre r\u00e9gl\u00e9e par le gonflage en fonction des exigences.<\/p>\n","protected":false},"excerpt":{"rendered":"<p>Un petit rouleau avec des bosses souples pour un massage confortable. L\u2019Activ Roll stimule la circulation sanguine au b\u00e9n\u00e9fice de tout le corps. Utilis\u00e9 pour&#8230;<\/p>\n","protected":false},"featured_media":30970,"template":"","meta":{"_acf_changed":false},"product_brand":[],"product_cat":[199],"product_tag":[],"class_list":{"0":"post-17646","1":"product","2":"type-product","3":"status-publish","4":"has-post-thumbnail","6":"product_cat-bien-etre","8":"first","9":"instock","10":"taxable","11":"shipping-taxable","12":"purchasable","13":"product-type-simple"},"acf":[],"_links":{"self":[{"href":"https:\/\/www.gymnic.com\/fr\/wp-json\/wp\/v2\/product\/17646","targetHints":{"allow":["GET"]}}],"collection":[{"href":"https:\/\/www.gymnic.com\/fr\/wp-json\/wp\/v2\/product"}],"about":[{"href":"https:\/\/www.gymnic.com\/fr\/wp-json\/wp\/v2\/types\/product"}],"wp:featuredmedia":[{"embeddable":true,"href":"https:\/\/www.gymnic.com\/fr\/wp-json\/wp\/v2\/media\/30970"}],"wp:attachment":[{"href":"https:\/\/www.gymnic.com\/fr\/wp-json\/wp\/v2\/media?parent=17646"}],"wp:term":[{"taxonomy":"product_brand","embeddable":true,"href":"https:\/\/www.gymnic.com\/fr\/wp-json\/wp\/v2\/product_brand?post=17646"},{"taxonomy":"product_cat","embeddable":true,"href":"https:\/\/www.gymnic.com\/fr\/wp-json\/wp\/v2\/product_cat?post=17646"},{"taxonomy":"product_tag","embeddable":true,"href":"https:\/\/www.gymnic.com\/fr\/wp-json\/wp\/v2\/product_tag?post=17646"}],"curies":[{"name":"wp","href":"https:\/\/api.w.org\/{rel}","templated":true}]}}