{"id":17796,"date":"2019-05-10T13:26:43","date_gmt":"2019-05-10T11:26:43","guid":{"rendered":"https:\/\/gymnic.com\/new\/prodotto\/gym-ball\/"},"modified":"2023-05-12T17:39:24","modified_gmt":"2023-05-12T15:39:24","slug":"gym-ball","status":"publish","type":"product","link":"https:\/\/www.gymnic.com\/fr\/produit\/gym-ball\/","title":{"rendered":"Gym Ball"},"content":{"rendered":"<p>Version plus petite du ballon Gymnic Classic avec les m\u00eames caract\u00e9ristiques techniques. Gr\u00e2ce \u00e0 sa petite taille, la Gym Ball est utilis\u00e9e pour la physioth\u00e9rapie p\u00e9diatrique et pour exercices de r\u00e9\u00e9ducation sp\u00e9cifiques. Elle peut \u00eatre utilis\u00e9e m\u00eame pour activit\u00e9s ludiques.<\/p>\n","protected":false},"excerpt":{"rendered":"<p>Version plus petite du ballon Gymnic Classic avec les m\u00eames caract\u00e9ristiques techniques. Gr\u00e2ce \u00e0 sa petite taille, la Gym Ball est utilis\u00e9e pour la physioth\u00e9rapie&#8230;<\/p>\n","protected":false},"featured_media":26471,"template":"","meta":{"_acf_changed":false},"product_brand":[],"product_cat":[179,189],"product_tag":[],"class_list":{"0":"post-17796","1":"product","2":"type-product","3":"status-publish","4":"has-post-thumbnail","6":"product_cat-physiotherapie","7":"product_cat-jeux","9":"first","10":"instock","11":"taxable","12":"shipping-taxable","13":"purchasable","14":"product-type-simple"},"acf":[],"_links":{"self":[{"href":"https:\/\/www.gymnic.com\/fr\/wp-json\/wp\/v2\/product\/17796","targetHints":{"allow":["GET"]}}],"collection":[{"href":"https:\/\/www.gymnic.com\/fr\/wp-json\/wp\/v2\/product"}],"about":[{"href":"https:\/\/www.gymnic.com\/fr\/wp-json\/wp\/v2\/types\/product"}],"wp:featuredmedia":[{"embeddable":true,"href":"https:\/\/www.gymnic.com\/fr\/wp-json\/wp\/v2\/media\/26471"}],"wp:attachment":[{"href":"https:\/\/www.gymnic.com\/fr\/wp-json\/wp\/v2\/media?parent=17796"}],"wp:term":[{"taxonomy":"product_brand","embeddable":true,"href":"https:\/\/www.gymnic.com\/fr\/wp-json\/wp\/v2\/product_brand?post=17796"},{"taxonomy":"product_cat","embeddable":true,"href":"https:\/\/www.gymnic.com\/fr\/wp-json\/wp\/v2\/product_cat?post=17796"},{"taxonomy":"product_tag","embeddable":true,"href":"https:\/\/www.gymnic.com\/fr\/wp-json\/wp\/v2\/product_tag?post=17796"}],"curies":[{"name":"wp","href":"https:\/\/api.w.org\/{rel}","templated":true}]}}