{"id":17941,"date":"2023-05-02T19:06:26","date_gmt":"2023-05-02T17:06:26","guid":{"rendered":"https:\/\/gymnic.com\/new\/prodotto\/over-ball\/"},"modified":"2023-06-22T14:13:23","modified_gmt":"2023-06-22T12:13:23","slug":"over-ball","status":"publish","type":"product","link":"https:\/\/www.gymnic.com\/fr\/produit\/over-ball\/","title":{"rendered":"Over Ball"},"content":{"rendered":"<p>Balle de jeu caract\u00e9ris\u00e9 par son \u00e9lasticit\u00e9 et souplesse. Facile \u00e0 attraper, id\u00e9ale pour jeux en plein air et \u00e0 l\u2019int\u00e9rieur. L\u00e9g\u00e8re et facilement gonflable \u00e0 la bouche, elle peut \u00eatre pli\u00e9e et amen\u00e9e partout.<\/p>\n","protected":false},"excerpt":{"rendered":"<p>Balle de jeu caract\u00e9ris\u00e9 par son \u00e9lasticit\u00e9 et souplesse. Facile \u00e0 attraper, id\u00e9ale pour jeux en plein air et \u00e0 l\u2019int\u00e9rieur. L\u00e9g\u00e8re et facilement gonflable&#8230;<\/p>\n","protected":false},"featured_media":28414,"template":"","meta":{"_acf_changed":false},"product_brand":[],"product_cat":[189],"product_tag":[],"class_list":{"0":"post-17941","1":"product","2":"type-product","3":"status-publish","4":"has-post-thumbnail","6":"product_cat-jeux","8":"first","9":"instock","10":"taxable","11":"shipping-taxable","12":"purchasable","13":"product-type-variable"},"acf":[],"_links":{"self":[{"href":"https:\/\/www.gymnic.com\/fr\/wp-json\/wp\/v2\/product\/17941","targetHints":{"allow":["GET"]}}],"collection":[{"href":"https:\/\/www.gymnic.com\/fr\/wp-json\/wp\/v2\/product"}],"about":[{"href":"https:\/\/www.gymnic.com\/fr\/wp-json\/wp\/v2\/types\/product"}],"wp:featuredmedia":[{"embeddable":true,"href":"https:\/\/www.gymnic.com\/fr\/wp-json\/wp\/v2\/media\/28414"}],"wp:attachment":[{"href":"https:\/\/www.gymnic.com\/fr\/wp-json\/wp\/v2\/media?parent=17941"}],"wp:term":[{"taxonomy":"product_brand","embeddable":true,"href":"https:\/\/www.gymnic.com\/fr\/wp-json\/wp\/v2\/product_brand?post=17941"},{"taxonomy":"product_cat","embeddable":true,"href":"https:\/\/www.gymnic.com\/fr\/wp-json\/wp\/v2\/product_cat?post=17941"},{"taxonomy":"product_tag","embeddable":true,"href":"https:\/\/www.gymnic.com\/fr\/wp-json\/wp\/v2\/product_tag?post=17941"}],"curies":[{"name":"wp","href":"https:\/\/api.w.org\/{rel}","templated":true}]}}