{"id":18016,"date":"2023-05-02T19:07:10","date_gmt":"2023-05-02T17:07:10","guid":{"rendered":"https:\/\/gymnic.com\/new\/prodotto\/ritmic-280\/"},"modified":"2024-12-03T14:55:55","modified_gmt":"2024-12-03T13:55:55","slug":"ritmic-280","status":"publish","type":"product","link":"https:\/\/www.gymnic.com\/fr\/produit\/ritmic-280\/","title":{"rendered":"Ritmic 280"},"content":{"rendered":"<p>Variante de la balle Ritmic 420, avec la seule diff\u00e9rence du poids. Ses 280 grammes permettent un entra\u00eenement \u00e0 plus faible impact. Id\u00e9ale pour ceux qui approchent pour la premi\u00e8re fois la discipline de la gymnastique rythmique.<\/p>\n","protected":false},"excerpt":{"rendered":"<p>Variante de la balle Ritmic 420, avec la seule diff\u00e9rence du poids. Ses 280 grammes permettent un entra\u00eenement \u00e0 plus faible impact. Id\u00e9ale pour ceux&#8230;<\/p>\n","protected":false},"featured_media":29938,"template":"","meta":{"_acf_changed":false},"product_brand":[],"product_cat":[184],"product_tag":[],"class_list":{"0":"post-18016","1":"product","2":"type-product","3":"status-publish","4":"has-post-thumbnail","6":"product_cat-fitness","8":"first","9":"instock","10":"taxable","11":"shipping-taxable","12":"purchasable","13":"product-type-variable"},"acf":[],"_links":{"self":[{"href":"https:\/\/www.gymnic.com\/fr\/wp-json\/wp\/v2\/product\/18016","targetHints":{"allow":["GET"]}}],"collection":[{"href":"https:\/\/www.gymnic.com\/fr\/wp-json\/wp\/v2\/product"}],"about":[{"href":"https:\/\/www.gymnic.com\/fr\/wp-json\/wp\/v2\/types\/product"}],"wp:featuredmedia":[{"embeddable":true,"href":"https:\/\/www.gymnic.com\/fr\/wp-json\/wp\/v2\/media\/29938"}],"wp:attachment":[{"href":"https:\/\/www.gymnic.com\/fr\/wp-json\/wp\/v2\/media?parent=18016"}],"wp:term":[{"taxonomy":"product_brand","embeddable":true,"href":"https:\/\/www.gymnic.com\/fr\/wp-json\/wp\/v2\/product_brand?post=18016"},{"taxonomy":"product_cat","embeddable":true,"href":"https:\/\/www.gymnic.com\/fr\/wp-json\/wp\/v2\/product_cat?post=18016"},{"taxonomy":"product_tag","embeddable":true,"href":"https:\/\/www.gymnic.com\/fr\/wp-json\/wp\/v2\/product_tag?post=18016"}],"curies":[{"name":"wp","href":"https:\/\/api.w.org\/{rel}","templated":true}]}}