{"id":18031,"date":"2023-05-02T19:05:44","date_gmt":"2023-05-02T17:05:44","guid":{"rendered":"https:\/\/gymnic.com\/new\/prodotto\/rody\/"},"modified":"2023-05-12T17:39:17","modified_gmt":"2023-05-12T15:39:17","slug":"rody","status":"publish","type":"product","link":"https:\/\/www.gymnic.com\/fr\/produit\/rody\/","title":{"rendered":"Rody"},"content":{"rendered":"<p>Un amusant et valable support \u00e0 l\u2019activit\u00e9 physique, le cheval Rody d\u00e9veloppe l\u2019\u00e9quilibre, les t\u00e2ches motrices et la coordination de votre enfant. Adopt\u00e9 par les \u00e9coles maternelles comme outil psychomoteur, le cheval Rody est surtout un loisir relaxant et amusant, qui stimule les relations de groupe. Appr\u00e9ci\u00e9 par tous les enfants d\u00e8s son apparition sur le march\u00e9 en 1984, gr\u00e2ce aux formes arrondies de son design et a ses qualit\u00e9s d\u2019\u00e9lasticit\u00e9 et souplesse, ce produit entre de plein droit dans la cat\u00e9gorie des \u00abevergreen\u00bb. Gr\u00e2ce aux bases d\u00e9tachables (non incluses) on peut transformer le Rody en un cheval \u00e0 bascule ou sur roues!<\/p>\n","protected":false},"excerpt":{"rendered":"<p>Un amusant et valable support \u00e0 l\u2019activit\u00e9 physique, le cheval Rody d\u00e9veloppe l\u2019\u00e9quilibre, les t\u00e2ches motrices et la coordination de votre enfant. Adopt\u00e9 par les&#8230;<\/p>\n","protected":false},"featured_media":27716,"template":"","meta":{"_acf_changed":false},"product_brand":[],"product_cat":[189],"product_tag":[],"class_list":{"0":"post-18031","1":"product","2":"type-product","3":"status-publish","4":"has-post-thumbnail","6":"product_cat-jeux","8":"first","9":"instock","10":"taxable","11":"shipping-taxable","12":"purchasable","13":"product-type-variable"},"acf":[],"_links":{"self":[{"href":"https:\/\/www.gymnic.com\/fr\/wp-json\/wp\/v2\/product\/18031","targetHints":{"allow":["GET"]}}],"collection":[{"href":"https:\/\/www.gymnic.com\/fr\/wp-json\/wp\/v2\/product"}],"about":[{"href":"https:\/\/www.gymnic.com\/fr\/wp-json\/wp\/v2\/types\/product"}],"wp:featuredmedia":[{"embeddable":true,"href":"https:\/\/www.gymnic.com\/fr\/wp-json\/wp\/v2\/media\/27716"}],"wp:attachment":[{"href":"https:\/\/www.gymnic.com\/fr\/wp-json\/wp\/v2\/media?parent=18031"}],"wp:term":[{"taxonomy":"product_brand","embeddable":true,"href":"https:\/\/www.gymnic.com\/fr\/wp-json\/wp\/v2\/product_brand?post=18031"},{"taxonomy":"product_cat","embeddable":true,"href":"https:\/\/www.gymnic.com\/fr\/wp-json\/wp\/v2\/product_cat?post=18031"},{"taxonomy":"product_tag","embeddable":true,"href":"https:\/\/www.gymnic.com\/fr\/wp-json\/wp\/v2\/product_tag?post=18031"}],"curies":[{"name":"wp","href":"https:\/\/api.w.org\/{rel}","templated":true}]}}