{"id":18081,"date":"2023-05-02T19:06:26","date_gmt":"2023-05-02T17:06:26","guid":{"rendered":"https:\/\/gymnic.com\/new\/prodotto\/soffy\/"},"modified":"2023-06-22T14:26:11","modified_gmt":"2023-06-22T12:26:11","slug":"soffy","status":"publish","type":"product","link":"https:\/\/www.gymnic.com\/fr\/produit\/soffy\/","title":{"rendered":"Soffy"},"content":{"rendered":"<p>Le ballon Soffy peut \u00eatre consider\u00e9 la version plus grande de la balle Over Ball. R\u00e9sistant, souple et facile \u00e0 attraper il est indiqu\u00e9 pour jouer \u00e0 la plage et pour activit\u00e9s ludiques en plein air, dans le gymnasium et \u00e0 la piscine.<\/p>\n","protected":false},"excerpt":{"rendered":"<p>Le ballon Soffy peut \u00eatre consider\u00e9 la version plus grande de la balle Over Ball. R\u00e9sistant, souple et facile \u00e0 attraper il est indiqu\u00e9 pour&#8230;<\/p>\n","protected":false},"featured_media":28468,"template":"","meta":{"_acf_changed":false},"product_brand":[],"product_cat":[189],"product_tag":[],"class_list":{"0":"post-18081","1":"product","2":"type-product","3":"status-publish","4":"has-post-thumbnail","6":"product_cat-jeux","8":"first","9":"instock","10":"taxable","11":"shipping-taxable","12":"purchasable","13":"product-type-variable"},"acf":[],"_links":{"self":[{"href":"https:\/\/www.gymnic.com\/fr\/wp-json\/wp\/v2\/product\/18081","targetHints":{"allow":["GET"]}}],"collection":[{"href":"https:\/\/www.gymnic.com\/fr\/wp-json\/wp\/v2\/product"}],"about":[{"href":"https:\/\/www.gymnic.com\/fr\/wp-json\/wp\/v2\/types\/product"}],"wp:featuredmedia":[{"embeddable":true,"href":"https:\/\/www.gymnic.com\/fr\/wp-json\/wp\/v2\/media\/28468"}],"wp:attachment":[{"href":"https:\/\/www.gymnic.com\/fr\/wp-json\/wp\/v2\/media?parent=18081"}],"wp:term":[{"taxonomy":"product_brand","embeddable":true,"href":"https:\/\/www.gymnic.com\/fr\/wp-json\/wp\/v2\/product_brand?post=18081"},{"taxonomy":"product_cat","embeddable":true,"href":"https:\/\/www.gymnic.com\/fr\/wp-json\/wp\/v2\/product_cat?post=18081"},{"taxonomy":"product_tag","embeddable":true,"href":"https:\/\/www.gymnic.com\/fr\/wp-json\/wp\/v2\/product_tag?post=18081"}],"curies":[{"name":"wp","href":"https:\/\/api.w.org\/{rel}","templated":true}]}}