{"id":16038,"date":"2023-05-02T19:05:43","date_gmt":"2023-05-02T17:05:43","guid":{"rendered":"https:\/\/gymnic.com\/new\/prodotto\/import-placeholder-for-210\/"},"modified":"2025-10-20T13:56:59","modified_gmt":"2025-10-20T11:56:59","slug":"physio-roll","status":"publish","type":"product","link":"https:\/\/www.gymnic.com\/it\/prodotto\/physio-roll\/","title":{"rendered":"Physio Roll"},"content":{"rendered":"<p>Il Physio Roll nasce dall\u2019unione di due palle, formando cos\u00ec un attrezzo che consente un\u2019estrema variet\u00e0 di utilizzo associata ad una maggiore <strong>stabilit\u00e0<\/strong> rispetto alla classica palla, in quanto rotola in un solo verso. La leggera depressione centrale del prodotto, che rende la seduta simile ad una sella, offre stabilit\u00e0 e sicurezza a persone di ogni et\u00e0. Il terapista pu\u00f2 anche sedersi insieme al paziente al fine di guidarlo nei movimenti. Utilizzato da molti anni nel settore fisioterapico, risulta ideale per tutti coloro che hanno difficolt\u00e0 di coordinazione ed equilibrio, per le persone affette da disabilit\u00e0 e per gli anziani. Consigliato anche per esercizi ed attivit\u00e0 con bambini.<\/p>\n","protected":false},"excerpt":{"rendered":"<p><strong>Confezione:<\/strong>\u00a0sacchetto \u2013 prodotto fornito sgonfio<\/p>\n<p><strong>Contenuto Confezione:\u00a0<\/strong>1 roll \u2013 2 tappi \u2013 1 adattatore per gonfiaggio \u2013 1 libretto istruzioni<\/p>\n","protected":false},"featured_media":26749,"template":"","meta":{"_acf_changed":false},"product_brand":[],"product_cat":[88],"product_tag":[],"class_list":{"0":"post-16038","1":"product","2":"type-product","3":"status-publish","4":"has-post-thumbnail","6":"product_cat-fisioterapia","8":"first","9":"instock","10":"taxable","11":"shipping-taxable","12":"purchasable","13":"product-type-variable"},"acf":[],"_links":{"self":[{"href":"https:\/\/www.gymnic.com\/it\/wp-json\/wp\/v2\/product\/16038","targetHints":{"allow":["GET"]}}],"collection":[{"href":"https:\/\/www.gymnic.com\/it\/wp-json\/wp\/v2\/product"}],"about":[{"href":"https:\/\/www.gymnic.com\/it\/wp-json\/wp\/v2\/types\/product"}],"wp:featuredmedia":[{"embeddable":true,"href":"https:\/\/www.gymnic.com\/it\/wp-json\/wp\/v2\/media\/26749"}],"wp:attachment":[{"href":"https:\/\/www.gymnic.com\/it\/wp-json\/wp\/v2\/media?parent=16038"}],"wp:term":[{"taxonomy":"product_brand","embeddable":true,"href":"https:\/\/www.gymnic.com\/it\/wp-json\/wp\/v2\/product_brand?post=16038"},{"taxonomy":"product_cat","embeddable":true,"href":"https:\/\/www.gymnic.com\/it\/wp-json\/wp\/v2\/product_cat?post=16038"},{"taxonomy":"product_tag","embeddable":true,"href":"https:\/\/www.gymnic.com\/it\/wp-json\/wp\/v2\/product_tag?post=16038"}],"curies":[{"name":"wp","href":"https:\/\/api.w.org\/{rel}","templated":true}]}}