{"id":16041,"date":"2023-05-02T19:05:43","date_gmt":"2023-05-02T17:05:43","guid":{"rendered":"https:\/\/gymnic.com\/new\/prodotto\/import-placeholder-for-220\/"},"modified":"2025-10-20T14:00:32","modified_gmt":"2025-10-20T12:00:32","slug":"disco-sport","status":"publish","type":"product","link":"https:\/\/www.gymnic.com\/it\/prodotto\/disco-sport\/","title":{"rendered":"Disco Sport"},"content":{"rendered":"<p>Il cuscino propriocettivo Disco Sport \u00e8 la <strong>versione grande<\/strong> del <a href=\"https:\/\/www.gymnic.com\/it\/prodotto\/discosit\/\">Disc\u2019o\u2019Sit<\/a>. Un lato \u00e8 munito di piccole punte per una piacevole sensazione massaggiante. Ideale per esercizi di equilibrio, motricit\u00e0 e recupero funzionale. Il livello di stabilit\u00e0 varia in base al livello del gonfiaggio. Abbinabile al nostro articolo <a href=\"https:\/\/www.gymnic.com\/it\/prodotto\/ball-support\/\">Ball Support \u201cM\u201d<\/a> per una maggiore stabilit\u00e0 e diversificazione d\u2019uso (la base \u00e8 disponibile separatamente o in abbinata al prodotto &#8211; vedi <a href=\"https:\/\/www.gymnic.com\/it\/prodotto\/disco-dome\/\">Disco Dome<\/a>).<\/p>\n","protected":false},"excerpt":{"rendered":"<p><strong>Confezione:<\/strong>\u00a0sacchetto \u2013 prodotto fornito sgonfio<\/p>\n<p><strong>Contenuto Confezione:<\/strong>\u00a01 disco \u2013 1 tappo \u2013 1 libretto con alcuni esercizi esemplificativi<\/p>\n<p><strong>Dimensione<\/strong>: \u00d8 55 cm<\/p>\n<p><strong>Colore:<\/strong> arancione<\/p>\n","protected":false},"featured_media":27116,"template":"","meta":{"_acf_changed":false},"product_brand":[],"product_cat":[88,89],"product_tag":[],"class_list":{"0":"post-16041","1":"product","2":"type-product","3":"status-publish","4":"has-post-thumbnail","6":"product_cat-fisioterapia","7":"product_cat-fitness","9":"first","10":"instock","11":"taxable","12":"shipping-taxable","13":"purchasable","14":"product-type-simple"},"acf":[],"_links":{"self":[{"href":"https:\/\/www.gymnic.com\/it\/wp-json\/wp\/v2\/product\/16041","targetHints":{"allow":["GET"]}}],"collection":[{"href":"https:\/\/www.gymnic.com\/it\/wp-json\/wp\/v2\/product"}],"about":[{"href":"https:\/\/www.gymnic.com\/it\/wp-json\/wp\/v2\/types\/product"}],"wp:featuredmedia":[{"embeddable":true,"href":"https:\/\/www.gymnic.com\/it\/wp-json\/wp\/v2\/media\/27116"}],"wp:attachment":[{"href":"https:\/\/www.gymnic.com\/it\/wp-json\/wp\/v2\/media?parent=16041"}],"wp:term":[{"taxonomy":"product_brand","embeddable":true,"href":"https:\/\/www.gymnic.com\/it\/wp-json\/wp\/v2\/product_brand?post=16041"},{"taxonomy":"product_cat","embeddable":true,"href":"https:\/\/www.gymnic.com\/it\/wp-json\/wp\/v2\/product_cat?post=16041"},{"taxonomy":"product_tag","embeddable":true,"href":"https:\/\/www.gymnic.com\/it\/wp-json\/wp\/v2\/product_tag?post=16041"}],"curies":[{"name":"wp","href":"https:\/\/api.w.org\/{rel}","templated":true}]}}