{"id":16043,"date":"2023-05-02T19:05:43","date_gmt":"2023-05-02T17:05:43","guid":{"rendered":"https:\/\/gymnic.com\/new\/prodotto\/import-placeholder-for-226\/"},"modified":"2025-10-20T14:02:21","modified_gmt":"2025-10-20T12:02:21","slug":"movin-step","status":"publish","type":"product","link":"https:\/\/www.gymnic.com\/it\/prodotto\/movin-step\/","title":{"rendered":"Movin\u2019 Step"},"content":{"rendered":"<p>Il Movin\u2019 Step \u00e8 uno\u00a0<strong>step ad aria<\/strong>\u00a0che unisce in un unico prodotto due funzioni: pu\u00f2 venire utilizzato come step per attivit\u00e0 cardiovascolare a basso impatto oppure come pedana propriocettiva per esercitare il proprio equilibrio e la coordinazione dei movimenti. La\u00a0<strong>valvola<\/strong>\u00a0consente di regolare il flusso d\u2019aria permettendo cos\u00ec la scelta del livello di escursione del movimento. \u00c8 inoltre possibile regolare il gonfiaggio in base alle proprie esigenze. Utilizzato in campo fitness per esercizi aerobici, di equilibrio e coordinazione \u00e8 altres\u00ec adottato in campo fisioterapico per pazienti di tutte le et\u00e0.<\/p>\n","protected":false},"excerpt":{"rendered":"<p><strong>Confezione:<\/strong>\u00a0scatola litografata \u2013 prodotto fornito sgonfio<\/p>\n<p><strong>Contenuto Confezione:\u00a0<\/strong>1 step \u2013 1 tappo<\/p>\n<p><strong>Dimensione:<\/strong> 35 x 35 x 7 cm<\/p>\n<p><strong>Colore:<\/strong> verde lime<\/p>\n","protected":false},"featured_media":37120,"template":"","meta":{"_acf_changed":false},"product_brand":[],"product_cat":[88,89],"product_tag":[],"class_list":{"0":"post-16043","1":"product","2":"type-product","3":"status-publish","4":"has-post-thumbnail","6":"product_cat-fisioterapia","7":"product_cat-fitness","9":"first","10":"instock","11":"taxable","12":"shipping-taxable","13":"purchasable","14":"product-type-simple"},"acf":[],"_links":{"self":[{"href":"https:\/\/www.gymnic.com\/it\/wp-json\/wp\/v2\/product\/16043","targetHints":{"allow":["GET"]}}],"collection":[{"href":"https:\/\/www.gymnic.com\/it\/wp-json\/wp\/v2\/product"}],"about":[{"href":"https:\/\/www.gymnic.com\/it\/wp-json\/wp\/v2\/types\/product"}],"wp:featuredmedia":[{"embeddable":true,"href":"https:\/\/www.gymnic.com\/it\/wp-json\/wp\/v2\/media\/37120"}],"wp:attachment":[{"href":"https:\/\/www.gymnic.com\/it\/wp-json\/wp\/v2\/media?parent=16043"}],"wp:term":[{"taxonomy":"product_brand","embeddable":true,"href":"https:\/\/www.gymnic.com\/it\/wp-json\/wp\/v2\/product_brand?post=16043"},{"taxonomy":"product_cat","embeddable":true,"href":"https:\/\/www.gymnic.com\/it\/wp-json\/wp\/v2\/product_cat?post=16043"},{"taxonomy":"product_tag","embeddable":true,"href":"https:\/\/www.gymnic.com\/it\/wp-json\/wp\/v2\/product_tag?post=16043"}],"curies":[{"name":"wp","href":"https:\/\/api.w.org\/{rel}","templated":true}]}}