{"id":16259,"date":"2023-05-02T19:06:48","date_gmt":"2023-05-02T17:06:48","guid":{"rendered":"https:\/\/gymnic.com\/new\/prodotto\/import-placeholder-for-317\/"},"modified":"2025-10-20T15:10:11","modified_gmt":"2025-10-20T13:10:11","slug":"multiactiv-stones","status":"publish","type":"product","link":"https:\/\/www.gymnic.com\/it\/prodotto\/multiactiv-stones\/","title":{"rendered":"Multiactiv Stones"},"content":{"rendered":"<p>Multiactiv Stones \u00e8 un set composto da 6 semisfere caratterizzate da piccoli <strong>rilievi<\/strong> sulla superficie. Ideale per sviluppare l\u2019equilibrio e stimolare la propriocettivit\u00e0, pu\u00f2 essere utilizzato per creare percorsi avvalendosi dei diversi colori. Per una maggiore stabilit\u00e0 \u00e8 possibile riempire le semisfere di <strong>acqua<\/strong> grazie al tappo posto sul fondo. Nell&#8217;apposito foro posto superiormente \u00e8 possibile inserire un <strong>bastone<\/strong> di diametro standard (2,5 cm &#8211; 1 in). Per aumentare l\u2019instabilit\u00e0 utilizzare il prodotto capovolto.<\/p>\n","protected":false},"excerpt":{"rendered":"<p><strong>Confezione:<\/strong> sacchetto<\/p>\n<p><strong>Contenuto Confezione: <\/strong>6 semisfere<\/p>\n<p><strong>Dimensione:<\/strong> \u00d8 16 cm\/H 8 cm<\/p>\n<p><strong>Colore: <\/strong>1 rossa \u2013 1 gialla \u2013 1 blu \u2013 1 verde \u2013 1 arancione \u2013 1 magenta<\/p>\n","protected":false},"featured_media":28815,"template":"","meta":{"_acf_changed":false},"product_brand":[],"product_cat":[94],"product_tag":[],"class_list":{"0":"post-16259","1":"product","2":"type-product","3":"status-publish","4":"has-post-thumbnail","6":"product_cat-giochi","8":"first","9":"instock","10":"taxable","11":"shipping-taxable","12":"purchasable","13":"product-type-simple"},"acf":[],"_links":{"self":[{"href":"https:\/\/www.gymnic.com\/it\/wp-json\/wp\/v2\/product\/16259","targetHints":{"allow":["GET"]}}],"collection":[{"href":"https:\/\/www.gymnic.com\/it\/wp-json\/wp\/v2\/product"}],"about":[{"href":"https:\/\/www.gymnic.com\/it\/wp-json\/wp\/v2\/types\/product"}],"wp:featuredmedia":[{"embeddable":true,"href":"https:\/\/www.gymnic.com\/it\/wp-json\/wp\/v2\/media\/28815"}],"wp:attachment":[{"href":"https:\/\/www.gymnic.com\/it\/wp-json\/wp\/v2\/media?parent=16259"}],"wp:term":[{"taxonomy":"product_brand","embeddable":true,"href":"https:\/\/www.gymnic.com\/it\/wp-json\/wp\/v2\/product_brand?post=16259"},{"taxonomy":"product_cat","embeddable":true,"href":"https:\/\/www.gymnic.com\/it\/wp-json\/wp\/v2\/product_cat?post=16259"},{"taxonomy":"product_tag","embeddable":true,"href":"https:\/\/www.gymnic.com\/it\/wp-json\/wp\/v2\/product_tag?post=16259"}],"curies":[{"name":"wp","href":"https:\/\/api.w.org\/{rel}","templated":true}]}}