{"id":16393,"date":"2023-05-02T19:07:31","date_gmt":"2023-05-02T17:07:31","guid":{"rendered":"https:\/\/gymnic.com\/new\/prodotto\/import-placeholder-for-353\/"},"modified":"2025-05-08T13:49:57","modified_gmt":"2025-05-08T11:49:57","slug":"softgym-over","status":"publish","type":"product","link":"https:\/\/www.gymnic.com\/it\/prodotto\/softgym-over\/","title":{"rendered":"Softgym Over"},"content":{"rendered":"<p>La Softgym Over \u00e8 una palla <strong>morbida<\/strong>, <strong>leggera<\/strong> e <strong>resistente<\/strong> che consente di svolgere un\u2019ampia gamma di esercizi che spaziano dal potenziamento muscolare alla ginnastica dolce. Grazie alla sua notevole elasticit\u00e0 e resistenza risulta ideale per numerosi esercizi isometrici. Adeguata per attivit\u00e0 con persone anziane, utilizzata nei corsi pre e post parto \u00e8 altres\u00ec inserita nel metodo Pilates. La Softgym Over consente di svolgere attivit\u00e0 che mettono in risalto concentrazione, controllo, coordinazione e respirazione. Facilmente gonfiabile a bocca in base alla morbidezza richiesta dal tipo di esercizio, pu\u00f2 essere ripiegata e portata con s\u00e9 ovunque.<\/p>\n","protected":false},"excerpt":{"rendered":"<p><strong>Confezione:<\/strong> sacchetto \u2013 prodotto fornito sgonfio<\/p>\n<p><strong>Contenuto Confezione:\u00a0<\/strong>1 palla \u2013 1 tappo \u2013 1 cannuccia per gonfiaggio \u2013 1 brochure con alcuni esercizi esemplificativi<\/p>\n<p><strong>Dimensione:<\/strong>\u00a0max \u00d8 23 cm<\/p>\n<h5><strong>NOTA:<\/strong>\u00a0OVER BALL e SOFTGYM OVER sono la stessa palla. Differiscono tra loro solo per quanto fornito in dotazione, idoneo al settore di riferimento. OVER BALL (Toys): tappo lungo (conforme alla normativa giocattolo), fornita in scatola litografata. SOFTGYM OVER (Fitness \u2013 Wellfit): tappo corto (ideale per esercizi), brochure esercizi inclusa, fornita in sacchetto.<\/h5>\n","protected":false},"featured_media":29396,"template":"","meta":{"_acf_changed":false},"product_brand":[],"product_cat":[89,131],"product_tag":[],"class_list":{"0":"post-16393","1":"product","2":"type-product","3":"status-publish","4":"has-post-thumbnail","6":"product_cat-fitness","7":"product_cat-benessere","9":"first","10":"instock","11":"taxable","12":"shipping-taxable","13":"purchasable","14":"product-type-variable"},"acf":[],"_links":{"self":[{"href":"https:\/\/www.gymnic.com\/it\/wp-json\/wp\/v2\/product\/16393","targetHints":{"allow":["GET"]}}],"collection":[{"href":"https:\/\/www.gymnic.com\/it\/wp-json\/wp\/v2\/product"}],"about":[{"href":"https:\/\/www.gymnic.com\/it\/wp-json\/wp\/v2\/types\/product"}],"wp:featuredmedia":[{"embeddable":true,"href":"https:\/\/www.gymnic.com\/it\/wp-json\/wp\/v2\/media\/29396"}],"wp:attachment":[{"href":"https:\/\/www.gymnic.com\/it\/wp-json\/wp\/v2\/media?parent=16393"}],"wp:term":[{"taxonomy":"product_brand","embeddable":true,"href":"https:\/\/www.gymnic.com\/it\/wp-json\/wp\/v2\/product_brand?post=16393"},{"taxonomy":"product_cat","embeddable":true,"href":"https:\/\/www.gymnic.com\/it\/wp-json\/wp\/v2\/product_cat?post=16393"},{"taxonomy":"product_tag","embeddable":true,"href":"https:\/\/www.gymnic.com\/it\/wp-json\/wp\/v2\/product_tag?post=16393"}],"curies":[{"name":"wp","href":"https:\/\/api.w.org\/{rel}","templated":true}]}}