{"id":16469,"date":"2023-05-02T19:07:53","date_gmt":"2023-05-02T17:07:53","guid":{"rendered":"https:\/\/gymnic.com\/new\/prodotto\/import-placeholder-for-428\/"},"modified":"2025-05-08T13:48:17","modified_gmt":"2025-05-08T11:48:17","slug":"discosit-jr","status":"publish","type":"product","link":"https:\/\/www.gymnic.com\/it\/prodotto\/discosit-jr\/","title":{"rendered":"Disc\u2019o\u2019Sit Jr."},"content":{"rendered":"<p>Il Disc\u2019o\u2019Sit Jr. \u00e8 la versione piccola del <a href=\"https:\/\/www.gymnic.com\/it\/prodotto\/discosit\/\">Disc\u2019o\u2019Sit<\/a>, <strong>pensata per i bambini<\/strong>. Si adatta perfettamente alle sedie delle scuole primarie e degli asili. Oltre ad essere un valido supporto da abbinare alla sedia per mantenere una corretta postura, pu\u00f2 essere utilizzato a terra come attrezzo per svolgere esercizi di equilibrio e motricit\u00e0. La stabilit\u00e0 e il movimento della seduta possono essere regolati in base al gonfiaggio.<\/p>\n","protected":false},"excerpt":{"rendered":"<p><strong>Confezione:<\/strong> scatola litografata \u2013 prodotto fornito sgonfio<\/p>\n<p><strong>Contenuto Confezione:<\/strong> 1 cuscino \u2013 1 tappo<\/p>\n<p><strong>Dimensione<\/strong>: \u00d8 32 cm<\/p>\n<p><strong>Colore:<\/strong> rosso<\/p>\n","protected":false},"featured_media":30393,"template":"","meta":{"_acf_changed":false},"product_brand":[],"product_cat":[131],"product_tag":[],"class_list":{"0":"post-16469","1":"product","2":"type-product","3":"status-publish","4":"has-post-thumbnail","6":"product_cat-benessere","8":"first","9":"instock","10":"taxable","11":"shipping-taxable","12":"purchasable","13":"product-type-simple"},"acf":[],"_links":{"self":[{"href":"https:\/\/www.gymnic.com\/it\/wp-json\/wp\/v2\/product\/16469","targetHints":{"allow":["GET"]}}],"collection":[{"href":"https:\/\/www.gymnic.com\/it\/wp-json\/wp\/v2\/product"}],"about":[{"href":"https:\/\/www.gymnic.com\/it\/wp-json\/wp\/v2\/types\/product"}],"wp:featuredmedia":[{"embeddable":true,"href":"https:\/\/www.gymnic.com\/it\/wp-json\/wp\/v2\/media\/30393"}],"wp:attachment":[{"href":"https:\/\/www.gymnic.com\/it\/wp-json\/wp\/v2\/media?parent=16469"}],"wp:term":[{"taxonomy":"product_brand","embeddable":true,"href":"https:\/\/www.gymnic.com\/it\/wp-json\/wp\/v2\/product_brand?post=16469"},{"taxonomy":"product_cat","embeddable":true,"href":"https:\/\/www.gymnic.com\/it\/wp-json\/wp\/v2\/product_cat?post=16469"},{"taxonomy":"product_tag","embeddable":true,"href":"https:\/\/www.gymnic.com\/it\/wp-json\/wp\/v2\/product_tag?post=16469"}],"curies":[{"name":"wp","href":"https:\/\/api.w.org\/{rel}","templated":true}]}}