{"id":16958,"date":"2023-05-02T19:10:23","date_gmt":"2023-05-02T17:10:23","guid":{"rendered":"https:\/\/gymnic.com\/new\/prodotto\/import-placeholder-for-839\/"},"modified":"2025-10-17T15:49:24","modified_gmt":"2025-10-17T13:49:24","slug":"disco-dome","status":"publish","type":"product","link":"https:\/\/www.gymnic.com\/it\/prodotto\/disco-dome\/","title":{"rendered":"Disco Dome"},"content":{"rendered":"<p>Il Disco Dome si compone di una <strong>base rigida<\/strong> e di un <strong>cuscino propriocettivo morbido<\/strong> color arancio che pu\u00f2 essere utilizzato anche singolarmente per chi vuole sperimentare esercizi di equilibrio pi\u00f9 performanti (il disco \u00e8 disponibile anche separatamente &#8211; vedi <a href=\"https:\/\/www.gymnic.com\/it\/prodotto\/disco-sport\/\">Disco Sport<\/a>). Questo articolo pu\u00f2 essere inserito in programmi fitness per svolgere esercizi di equilibrio e step, rafforzare gli addominali e svolgere un training aerobico completo e coinvolgente. Il livello di stabilit\u00e0 varia in base al livello del gonfiaggio.<\/p>\n","protected":false},"excerpt":{"rendered":"<p><strong>Confezione:<\/strong>\u00a0sacchetto \u2013 prodotto fornito sgonfio<\/p>\n<p><strong>Contenuto Confezione:<\/strong> 1 disco \u2013 1 base \u2013 1 tappo \u2013 1 libretto con alcuni esercizi esemplificativi<\/p>\n<p><strong>Dimensione<\/strong>: \u00d8 60 cm (disco \u00d8 55 cm)<\/p>\n<p><strong>Colore:<\/strong> disco arancione \u2013 base grigia<\/p>\n","protected":false},"featured_media":27166,"template":"","meta":{"_acf_changed":false},"product_brand":[],"product_cat":[88,89],"product_tag":[],"class_list":{"0":"post-16958","1":"product","2":"type-product","3":"status-publish","4":"has-post-thumbnail","6":"product_cat-fisioterapia","7":"product_cat-fitness","9":"first","10":"instock","11":"taxable","12":"shipping-taxable","13":"purchasable","14":"product-type-simple"},"acf":[],"_links":{"self":[{"href":"https:\/\/www.gymnic.com\/it\/wp-json\/wp\/v2\/product\/16958","targetHints":{"allow":["GET"]}}],"collection":[{"href":"https:\/\/www.gymnic.com\/it\/wp-json\/wp\/v2\/product"}],"about":[{"href":"https:\/\/www.gymnic.com\/it\/wp-json\/wp\/v2\/types\/product"}],"wp:featuredmedia":[{"embeddable":true,"href":"https:\/\/www.gymnic.com\/it\/wp-json\/wp\/v2\/media\/27166"}],"wp:attachment":[{"href":"https:\/\/www.gymnic.com\/it\/wp-json\/wp\/v2\/media?parent=16958"}],"wp:term":[{"taxonomy":"product_brand","embeddable":true,"href":"https:\/\/www.gymnic.com\/it\/wp-json\/wp\/v2\/product_brand?post=16958"},{"taxonomy":"product_cat","embeddable":true,"href":"https:\/\/www.gymnic.com\/it\/wp-json\/wp\/v2\/product_cat?post=16958"},{"taxonomy":"product_tag","embeddable":true,"href":"https:\/\/www.gymnic.com\/it\/wp-json\/wp\/v2\/product_tag?post=16958"}],"curies":[{"name":"wp","href":"https:\/\/api.w.org\/{rel}","templated":true}]}}