{"id":17239,"date":"2023-05-02T19:11:50","date_gmt":"2023-05-02T17:11:50","guid":{"rendered":"https:\/\/gymnic.com\/new\/prodotto\/import-placeholder-for-1070\/"},"modified":"2025-05-08T13:22:41","modified_gmt":"2025-05-08T11:22:41","slug":"movin-sit","status":"publish","type":"product","link":"https:\/\/www.gymnic.com\/it\/prodotto\/movin-sit\/","title":{"rendered":"Movin\u2019 Sit"},"content":{"rendered":"<p>Il Movin\u2019 Sit \u00e8 un cuscino posturale gonfiabile che attiva i muscoli del tronco sostenendo la colonna vertebrale. La sua\u00a0<strong>forma a cuneo<\/strong>\u00a0lo rende il pi\u00f9 raccomandato dai terapisti in quanto \u00e8 specificatamente studiata per aiutare a mantenere una postura pi\u00f9 corretta, agevolando la ricerca di una posizione pelvica equilibrata. Il movimento e il beneficio offerto sono simili a quelli offerti dalla palla. La stabilit\u00e0 e il movimento della seduta possono essere regolati in base al gonfiaggio. Il Movin\u2019 Sit \u00e8 spesso utilizzato come complemento nel trattamento della lombalgia e della sciatalgia.<\/p>\n","protected":false},"excerpt":{"rendered":"<p><strong>Confezione:<\/strong> scatola litografata \u2013 prodotto fornito sgonfio<\/p>\n<p><strong>Contenuto Confezione:<\/strong> 1 cuscino \u2013 1 tappo<\/p>\n<p><strong>Dimensione<\/strong>: 36 x 36 x 7 cm<\/p>\n<p><strong>Colore:<\/strong>\u00a0blu<\/p>\n","protected":false},"featured_media":30142,"template":"","meta":{"_acf_changed":false},"product_brand":[],"product_cat":[131],"product_tag":[],"class_list":{"0":"post-17239","1":"product","2":"type-product","3":"status-publish","4":"has-post-thumbnail","6":"product_cat-benessere","8":"first","9":"instock","10":"taxable","11":"shipping-taxable","12":"purchasable","13":"product-type-simple"},"acf":[],"_links":{"self":[{"href":"https:\/\/www.gymnic.com\/it\/wp-json\/wp\/v2\/product\/17239","targetHints":{"allow":["GET"]}}],"collection":[{"href":"https:\/\/www.gymnic.com\/it\/wp-json\/wp\/v2\/product"}],"about":[{"href":"https:\/\/www.gymnic.com\/it\/wp-json\/wp\/v2\/types\/product"}],"wp:featuredmedia":[{"embeddable":true,"href":"https:\/\/www.gymnic.com\/it\/wp-json\/wp\/v2\/media\/30142"}],"wp:attachment":[{"href":"https:\/\/www.gymnic.com\/it\/wp-json\/wp\/v2\/media?parent=17239"}],"wp:term":[{"taxonomy":"product_brand","embeddable":true,"href":"https:\/\/www.gymnic.com\/it\/wp-json\/wp\/v2\/product_brand?post=17239"},{"taxonomy":"product_cat","embeddable":true,"href":"https:\/\/www.gymnic.com\/it\/wp-json\/wp\/v2\/product_cat?post=17239"},{"taxonomy":"product_tag","embeddable":true,"href":"https:\/\/www.gymnic.com\/it\/wp-json\/wp\/v2\/product_tag?post=17239"}],"curies":[{"name":"wp","href":"https:\/\/api.w.org\/{rel}","templated":true}]}}